{"id":757,"date":"2025-07-31T13:25:02","date_gmt":"2025-07-31T11:25:02","guid":{"rendered":"https:\/\/privor.agenturschmucki.ch\/?page_id=757"},"modified":"2025-08-18T13:28:42","modified_gmt":"2025-08-18T11:28:42","slug":"impressum","status":"publish","type":"page","link":"https:\/\/privor.ch\/it\/impressum\/","title":{"rendered":"Impressum"},"content":{"rendered":"\n<section class=\"wp-block-group alignfull is-style-group-bg-grey header-3 is-layout-constrained wp-block-group-is-layout-constrained is-style-group-bg-grey--1\">\n<h1 class=\"wp-block-heading has-text-align-center\">Impressum<\/h1>\n<\/section>\n\n\n\n<section class=\"wp-block-group alignwide impressum-content is-layout-constrained wp-block-group-is-layout-constrained\">\n<div class=\"wp-block-group is-vertical is-layout-flex wp-container-core-group-is-layout-8cf370e7 wp-block-group-is-layout-flex\">\n<div class=\"wp-block-group is-layout-constrained wp-block-group-is-layout-constrained\">\n<h2 class=\"wp-block-heading\">Editore<\/h2>\n\n\n\n<p>Privor Fondazione 3\u00b0 pilastro \/ Privor Fondazione di libero passaggio<br>Mattenstrasse 8<br>3073 G\u00fcmligen<br>T 031 660 20 20<br><a href=\"mailto:info@privor.ch\">info@privor.ch<\/a><\/p>\n\n\n\n<p>La Privor Fondazione 3\u00b0 pilastro \u00e8 iscritta nel registro di commercio del Canton Berna (UID CHE\u2010102.045.534) ed \u00e8 rappresentata da Daniel J. Friedli.<\/p>\n\n\n\n<p>La Fondazione di libero passaggio Privor \u00e8 iscritta nel registro di commercio del Canton Berna (IDI CHE\u2010109.587.776) ed \u00e8 rappresentata da Daniel J. Friedli.<\/p>\n<\/div>\n\n\n\n<div class=\"wp-block-group is-layout-constrained wp-block-group-is-layout-constrained\">\n<h2 class=\"wp-block-heading\">Concezione, progettazione, programmazione<\/h2>\n\n\n\n<p>Schmucki Agentur f\u00fcr Kommunikation AG<br>8610 Uster<br><a href=\"http:\/\/www.agenturschmucki.ch\/\"><a href=\"http:\/\/www.agenturschmucki.ch\/\" target=\"_blank\" rel=\"noreferrer noopener\">agenturschmucki.ch<\/a><\/a><\/p>\n<\/div>\n\n\n\n<div class=\"wp-block-group is-layout-constrained wp-block-group-is-layout-constrained\">\n<h2 class=\"wp-block-heading\">Esclusione della responsabilit\u00e0<\/h2>\n\n\n\n<p>L\u2019autore non si assume alcuna responsabilit\u00e0 relativamente a correttezza, precisione, attualit\u00e0, affidabilit\u00e0 e completezza del contenuto delle informazioni.<\/p>\n\n\n\n<p>\u00c8 esclusa ogni rivendicazione di responsabilit\u00e0 nei confronti dell\u2019autore per danni materiali o immateriali derivanti dall\u2019accesso o dall\u2019utilizzo e\/o mancato utilizzo delle informazioni pubblicate, dall\u2019uso improprio del collegamento o da problemi tecnici.<\/p>\n\n\n\n<p>Nessuna delle offerte \u00e8 vincolante. L\u2019autore si riserva espressamente la facolt\u00e0 di modificare, integrare e cancellare parti delle pagine del sito web o l\u2019intera offerta senza particolare notifica, nonch\u00e9 di sospendere la relativa pubblicazione in via temporanea o definitiva.<\/p>\n<\/div>\n\n\n\n<div class=\"wp-block-group is-layout-constrained wp-block-group-is-layout-constrained\">\n<h2 class=\"wp-block-heading\">Responsabilit\u00e0 per i link<\/h2>\n\n\n\n<p>I siti di terzi a cui forniamo un rimando o un link esulano dalla nostra area di competenza. Per detti siti si declina qualsiasi responsabilit\u00e0. L\u2019accesso a questi siti e il loro utilizzo avvengono a rischio e pericolo dell\u2019utente.<\/p>\n<\/div>\n\n\n\n<div class=\"wp-block-group is-layout-constrained wp-block-group-is-layout-constrained\">\n<h2 class=\"wp-block-heading\">Diritti d\u2019autore<\/h2>\n\n\n\n<p>I diritti d\u2019autore e ogni ulteriore diritto su contenuti, immagini, foto o altri file presenti sul sito web sono di esclusiva propriet\u00e0 della Privor Fondazione 3\u00b0 pilastro e della Privor Fondazione di libero passaggio o dei titolari dei diritti specificamente indicati. La riproduzione di qualsivoglia elemento \u00e8 ammessa solo previo consenso scritto del titolare del diritto d\u2019autore.<\/p>\n\n\n\n<p><\/p>\n\n\n\n<p>\u00a9 Copyright Privor Fondazione 3\u00b0 pilastro \/ Privor Fondazione di libero passaggio \u2013 all rights reserved.<\/p>\n<\/div>\n<\/div>\n<\/section>\n","protected":false},"excerpt":{"rendered":"<p>Editore Privor Fondazione 3\u00b0 pilastro \/ Privor Fondazione di libero passaggioMattenstrasse 83073 G\u00fcmligenT 031 660 20 20info@privor.ch La Privor Fondazione 3\u00b0 pilastro \u00e8 iscritta nel registro di commercio del Canton Berna (UID CHE\u2010102.045.534) ed \u00e8 rappresentata da Daniel J. Friedli. La Fondazione di libero passaggio Privor \u00e8 iscritta nel registro di commercio del Canton Berna [&hellip;]<\/p>\n","protected":false},"author":2,"featured_media":0,"parent":0,"menu_order":13,"comment_status":"closed","ping_status":"closed","template":"","meta":{"footnotes":""},"class_list":["post-757","page","type-page","status-publish","hentry"],"_links":{"self":[{"href":"https:\/\/privor.ch\/it\/wp-json\/wp\/v2\/pages\/757","targetHints":{"allow":["GET"]}}],"collection":[{"href":"https:\/\/privor.ch\/it\/wp-json\/wp\/v2\/pages"}],"about":[{"href":"https:\/\/privor.ch\/it\/wp-json\/wp\/v2\/types\/page"}],"author":[{"embeddable":true,"href":"https:\/\/privor.ch\/it\/wp-json\/wp\/v2\/users\/2"}],"replies":[{"embeddable":true,"href":"https:\/\/privor.ch\/it\/wp-json\/wp\/v2\/comments?post=757"}],"version-history":[{"count":2,"href":"https:\/\/privor.ch\/it\/wp-json\/wp\/v2\/pages\/757\/revisions"}],"predecessor-version":[{"id":760,"href":"https:\/\/privor.ch\/it\/wp-json\/wp\/v2\/pages\/757\/revisions\/760"}],"wp:attachment":[{"href":"https:\/\/privor.ch\/it\/wp-json\/wp\/v2\/media?parent=757"}],"curies":[{"name":"wp","href":"https:\/\/api.w.org\/{rel}","templated":true}]}}