{"id":731,"date":"2025-07-31T12:40:35","date_gmt":"2025-07-31T10:40:35","guid":{"rendered":"https:\/\/privor.agenturschmucki.ch\/?page_id=731"},"modified":"2025-12-11T16:27:17","modified_gmt":"2025-12-11T15:27:17","slug":"faq","status":"publish","type":"page","link":"https:\/\/privor.ch\/it\/faq\/","title":{"rendered":"FAQ"},"content":{"rendered":"\n<section class=\"wp-block-group alignfull is-style-group-bg-grey header-3 is-layout-constrained wp-block-group-is-layout-constrained is-style-group-bg-grey--1\">\n<h1 class=\"wp-block-heading has-text-align-center\">FAQ<\/h1>\n<\/section>\n\n\n\n<section class=\"wp-block-group alignwide is-layout-constrained wp-block-group-is-layout-constrained\">\n<h3 class=\"wp-block-heading\">Previdenza vincolata pilastro 3a<\/h3>\n\n\n\n<div class=\"wp-block-group alignwide is-vertical is-content-justification-left is-layout-flex wp-container-core-group-is-layout-c0ca7d81 wp-block-group-is-layout-flex\">\n<details class=\"wp-block-details is-layout-flow wp-block-details-is-layout-flow\"><summary>Qual \u00e8 la differenza tra la previdenza vincolata del pilastro 3a e la previdenza libera del pilastro 3b?<\/summary>\n<p>Il pilastro 3a \u00e8 vincolato a disposizioni di legge, ma gode di vantaggi fiscali. Il pilastro 3b \u00e8 pi\u00f9 flessibile (rescindibile in qualsiasi momento), ma i vantaggi fiscali sono limitati. Entrambe le soluzioni previdenziali sono offerte sia sotto forma di prodotti bancari che assicurativi.<br>La durata del pilastro 3b pu\u00f2 essere scelta liberamente e l\u2019accesso \u00e8 possibile in qualsiasi momento. La previdenza 3a \u00e8 vincolata a un determinato periodo, il prelievo anticipato \u00e8 possibile solo a determinate condizioni (propriet\u00e0 abitativa, attivit\u00e0 lucrativa indipendente, trasferimento della cassa pensione, abbandono della Svizzera, percepimento di una rendita AI intera).<\/p>\n<\/details>\n\n\n\n<details class=\"wp-block-details is-layout-flow wp-block-details-is-layout-flow\"><summary>A partire da quale avere si dovrebbe aprire un ulteriore conto di previdenza per risparmiare sulle imposte in caso di percepimento?<\/summary>\n<p>Con diversi tipi di conti di previdenza del valore di circa CHF 50\u2019000.\u2013, in tutti i cantoni della Svizzera si possono avere ottime condizioni dal punto di vista fiscale.<\/p>\n<\/details>\n\n\n\n<details class=\"wp-block-details is-layout-flow wp-block-details-is-layout-flow\"><summary>Come posso provvedere alla previdenza in qualit\u00e0 di lavoratore indipendente?<\/summary>\n<p>In qualit\u00e0 di lavoratore indipendente senza collaboratori potete aderire alla cassa pensione della vostra associazione professionale oppure a un istituto di previdenza tramite l\u2019associazione. Se impiegate collaboratori, costituite un istituto di previdenza o iscrivetevi a una fondazione collettiva.<br>I lavoratori indipendenti senza collaboratori possono versare con il pilastro 3a un massimo del 20% all\u2019anno (fino a un massimo di CHF 36\u2019288.\u2013) sul proprio conto di previdenza. La condizione necessaria \u00e8 che non siate iscritti ad alcuna cassa pensione.<\/p>\n<\/details>\n\n\n\n<details class=\"wp-block-details is-layout-flow wp-block-details-is-layout-flow\"><summary>A quanto ammonta la remunerazione di interessi?<\/summary>\n<p>La remunerazione di interessi della soluzione previdenziale 3a di Privor dipende singolarmente dalla banca partner Privor.<\/p>\n<\/details>\n\n\n\n<details class=\"wp-block-details is-layout-flow wp-block-details-is-layout-flow\"><summary>Qual \u00e8 la differenza tra il conto di previdenza e la soluzione in titoli?<\/summary>\n<p>La soluzione in titoli \u00e8 soggetta alle fluttuazioni del corso di cambio. Si hanno pertanto maggiori opportunit\u00e0 di rendimento, ma anche un rischio maggiore.<\/p>\n<\/details>\n\n\n\n<details class=\"wp-block-details is-layout-flow wp-block-details-is-layout-flow\"><summary>Quanto posso versare ogni anno sul mio conto di previdenza?<\/summary>\n<p>Massimo CHF 7\u2019258.\u2013 per persone che esercitano un\u2019attivit\u00e0 lucrativa con cassa pensione Massimo CHF 36\u2019288.\u2013 (oppure il 20% del reddito netto soggetto all\u2019AVS) come lavoratore indipendente senza cassa pensione<br><br>L\u2019ammontare dei contributi \u00e8 stabilito dal Consiglio federale. Di norma vengono dedotti dall\u2019AVS e verificati ogni due anni.<\/p>\n<\/details>\n\n\n\n<details class=\"wp-block-details is-layout-flow wp-block-details-is-layout-flow\"><summary>Desidero effettuare un versamento, come devo procedere?<\/summary>\n<p>Per il versamento \u00e8 sempre necessario presentare una richi\u00adesta. \u00c8 possibile richiederla al\/alla proprio\/a consulente clienti.<\/p>\n<\/details>\n\n\n\n<details class=\"wp-block-details is-layout-flow wp-block-details-is-layout-flow\"><summary>Come faccio a sapere se posso effettuare un versamento?<\/summary>\n<p>Le lacune emerse nel 2025 possono essere colmate per la prima volta. \u00c8 necessario aver percepito un reddito soggetto all&#8217;AVS sia nell&#8217;anno del riscatto che nell&#8217;anno della lacuna. \u00c8 inoltre necessario versare il contributo personale massimo al pilastro 3a per l&#8217;anno in corso.<\/p>\n<\/details>\n\n\n\n<details class=\"wp-block-details is-layout-flow wp-block-details-is-layout-flow\"><summary><strong>Qual \u00e8 la differenza tra l&#8217;anno di riscatto e l&#8217;anno di contribuzione nel contesto di un versamento nel pilastro 3a?<\/strong><\/summary>\n<p>L\u2019anno di contribuzione corrisponde all\u2019anno per il quale desiderate colmare una lacuna contributiva. L\u2019anno del versamento corrisponde all\u2019anno in cui viene effettuato il versamento.<\/p>\n\n\n\n<p>Se desiderate effettuare un versamento nel 2026 per col\u00admare una lacuna verificatasi nel 2025, l\u2019anno di con\u00adtribuzione \u00e8 il 2025 e l\u2019anno del versamento \u00e8 il 2026.<\/p>\n<\/details>\n\n\n\n<details class=\"wp-block-details is-layout-flow wp-block-details-is-layout-flow\"><summary><strong>Posso colmare un versamento derivante da un prelievo (ad es. promozione della propriet\u00e0 abitativa &#8211; PPA) con un riscatto?<\/strong><\/summary>\n<p>No. Il versamento \u00e8 possibile solo per i contributi non versati.<\/p>\n<\/details>\n\n\n\n<details class=\"wp-block-details is-layout-flow wp-block-details-is-layout-flow\"><summary>Quando ricever\u00f2 la conferma del versamento?<\/summary>\n<p>Il versamento figura sullo stesso certificato fiscale dei contributi ordinari. Riceverete tale certificato insieme all&#8217;estratto conto nel mese di gennaio dell&#8217;anno successivo o alla chiusura del conto.<\/p>\n<\/details>\n\n\n\n<details class=\"wp-block-details is-layout-flow wp-block-details-is-layout-flow\"><summary>Dopo un versamento, l&#8217;anno per il quale \u00e8 stato effettuato il riscatto viene rivalutato?<\/summary>\n<p>No, il versamento \u00e8 deducibile dal reddito imponibile dell&#8217;anno del versamento stesso e non \u00e8 retroattivo per l&#8217;anno di contribuzione.<\/p>\n<\/details>\n\n\n\n<details class=\"wp-block-details is-layout-flow wp-block-details-is-layout-flow\"><summary>Ho gi\u00e0 prelevato gli averi del pilastro 3a. Posso ancora effettuare un versamento?<\/summary>\n<p>Una volta prelevate le prestazioni di vecchiaia dal pilastro 3a, non \u00e8 pi\u00f9 possibile effettuare alcun versamento.<br>Fanno eccezione i prelievi PPA.<\/p>\n\n\n\n<p><\/p>\n<\/details>\n\n\n\n<details class=\"wp-block-details is-layout-flow wp-block-details-is-layout-flow\"><summary>Dove posso aprire un conto di previdenza o una soluzione in titoli?<\/summary>\n<p>Un conto di previdenza Privor pu\u00f2 essere aperto presso tutte le banche partner Privor.<\/p>\n<\/details>\n\n\n\n<details class=\"wp-block-details is-layout-flow wp-block-details-is-layout-flow\"><summary>Quanto costa la previdenza vincolata del pilastro 3a?<\/summary>\n<p>La remunerazione di interessi si basa sui tassi di interesse attuali della rispettiva banca partner Privor. La soluzione del conto e in titoli prevede commissioni bancarie individuali.<\/p>\n<\/details>\n\n\n\n<details class=\"wp-block-details is-layout-flow wp-block-details-is-layout-flow\"><summary>Quando posso prelevare il mio avere dalla previdenza vincolata del pilastro 3a?<\/summary>\n<p>Il prelievo ordinario della previdenza del pilastro 3a \u00e8 consentito al pi\u00f9 presto cinque anni prima dell\u2019et\u00e0 AVS ed \u00e8 previsto al pi\u00f9 tardi al momento del pensionamento.<br><br>Un prelievo anticipato della previdenza vincolata del pilastro 3a \u00e8 possibile nei seguenti casi:<\/p>\n\n\n\n<ul class=\"wp-block-list\">\n<li>Finanziamento di propriet\u00e0 abitativa<\/li>\n\n\n\n<li>Riscatto nella propria cassa pensione (previdenza professionale)<\/li>\n\n\n\n<li>Inizio di un\u2019attivit\u00e0 lucrativa indipendente<\/li>\n\n\n\n<li>Abbandono della Svizzera<\/li>\n\n\n\n<li>Riscossione di una rendita d\u2019invalidit\u00e0 intera<\/li>\n<\/ul>\n<\/details>\n\n\n\n<details class=\"wp-block-details is-layout-flow wp-block-details-is-layout-flow\"><summary>Cosa succede se muoio?<\/summary>\n<p>L\u2019avere di libero passaggio viene versato ai superstiti secondo il regolamento. A seconda del regolamento \u00e8 possibile apportare modifiche agli aventi diritto. Suggerimento: Per le famiglie \u00abpatchwork\u00bb o le coppie non sposate \u00e8 consigliabile regolamentarlo con l\u2019istituto di previdenza.<\/p>\n<\/details>\n\n\n\n<details class=\"wp-block-details is-layout-flow wp-block-details-is-layout-flow\"><summary>Quale banca opera dietro Privor?<\/summary>\n<p>Dietro alle soluzioni di previdenza Privor ci sono numerose banche partner in tutta la Svizzera. Le banche sono ben radicate a livello regionale e attribuiscono grande importanza alla consulenza individuale e personale.<\/p>\n<\/details>\n\n\n\n<details class=\"wp-block-details is-layout-flow wp-block-details-is-layout-flow\"><summary>Come posso risparmiare sulle imposte?<\/summary>\n<p>Oltre alla deduzione del contributo annuo nella soluzione previdenziale, anche gli aumenti di capitale (interessi o aumento del valore nel caso di soluzioni in titoli) sono esenti da imposte. Dal punto di vista fiscale \u00e8 consigliabile aprire pi\u00f9 conti vincolati del pilastro 3a che possono essere chiusi in modo scaglionato cinque anni prima dell\u2019et\u00e0 di pensionamento AVS. In questo modo \u00e8 possibile ottimizzare le relative imposte sulle prestazioni in capitale. Nella maggior parte dei cantoni CHF 50\u2019000.\u2013 vengono tassati proporzionalmente in misura maggiore rispetto a un prelievo di CHF 150\u2019000.\u2013<\/p>\n<\/details>\n\n\n\n<details class=\"wp-block-details is-layout-flow wp-block-details-is-layout-flow\"><summary>A partire da quale et\u00e0 \u00e8 possibile investire nella previdenza del pilastro 3a?<\/summary>\n<p>In linea di principio, chiunque percepisca in Svizzera un reddito da attivit\u00e0 lucrativa soggetto all\u2019AVS pu\u00f2 beneficiare del pilastro 3a. Il pilastro \u00e8 aperto anche alle persone che percepiscono indennit\u00e0 giornaliere dall\u2019assicurazione contro la disoccupazione. Il pilastro 3a \u00e8 facoltativo.<\/p>\n<\/details>\n<\/div>\n<\/section>\n\n\n\n<section class=\"wp-block-group alignwide is-layout-constrained wp-block-group-is-layout-constrained\">\n<h3 class=\"wp-block-heading\">Libero passaggio 2\u00b0 pilastro<\/h3>\n\n\n\n<div class=\"wp-block-group alignwide is-vertical is-content-justification-left is-layout-flex wp-container-core-group-is-layout-c0ca7d81 wp-block-group-is-layout-flex\">\n<details class=\"wp-block-details is-layout-flow wp-block-details-is-layout-flow\"><summary>Quando ho bisogno di un conto di libero passaggio?<\/summary>\n<p>Se dopo aver lasciato il posto di lavoro non ne iniziate subito uno nuovo, dovete versare il vostro avere di previdenza su un conto di libero passaggio. Questo vale ad esempio nei seguenti casi:<\/p>\n\n\n\n<ul class=\"wp-block-list\">\n<li>Disoccupazione<\/li>\n\n\n\n<li>Congedo professionale<\/li>\n\n\n\n<li>Pausa maternit\u00e0<\/li>\n\n\n\n<li>Soggiorno all\u2019estero<\/li>\n\n\n\n<li>Formazione continua<\/li>\n<\/ul>\n<\/details>\n\n\n\n<details class=\"wp-block-details is-layout-flow wp-block-details-is-layout-flow\"><summary>Quanto costa una soluzione di libero passaggio?<\/summary>\n<p>La soluzione del conto e in titoli ha costi diversi da una banca all\u2019altra.<\/p>\n<\/details>\n\n\n\n<details class=\"wp-block-details is-layout-flow wp-block-details-is-layout-flow\"><summary>Qual \u00e8 la differenza tra il conto di risparmio e la soluzione in titoli?<\/summary>\n<p>La soluzione in titoli \u00e8 soggetta alle fluttuazioni del corso di cambio. Si hanno pertanto maggiori opportunit\u00e0 di rendimento, ma anche un rischio maggiore.<\/p>\n<\/details>\n\n\n\n<details class=\"wp-block-details is-layout-flow wp-block-details-is-layout-flow\"><summary>Dove posso aprire un conto di libero passaggio o una soluzione in titoli?<\/summary>\n<p>La prestazione di libero passaggio pu\u00f2 essere versata solo da una cassa pensione o da un\u2019altra fondazione di libero passaggio poich\u00e9 non possono essere versati contributi di risparmio privati. Il conto viene aperto solo al ricevimento della prestazione di libero passaggio. Le nostre banche partner Privor saranno liete di offrirvi la loro consulenza e di fornirvi le coordinate di pagamento per il trasferimento.<\/p>\n<\/details>\n\n\n\n<details class=\"wp-block-details is-layout-flow wp-block-details-is-layout-flow\"><summary>Quando \u00e8 possibile farsi pagare l\u2019avere dal conto di libero passaggio?<\/summary>\n<p>Il vostro avere risparmiato \u00e8 bloccato fino al pensionamento ordinario. \u00c8 possibile il pagamento anticipato nei seguenti casi:<\/p>\n\n\n\n<ul class=\"wp-block-list\">\n<li>Inizio di attivit\u00e0 indipendente<\/li>\n\n\n\n<li>Emigrazione dalla Svizzera<\/li>\n\n\n\n<li>Invalidit\u00e0<\/li>\n\n\n\n<li>Acquisto di propriet\u00e0 abitativa<\/li>\n\n\n\n<li>La prestazione di libero passaggio \u00e8 inferiore al contributo annuo del lavoratore<\/li>\n<\/ul>\n\n\n\n<p>Se non si verifica nessuno di questi casi, per il prelievo \u00e8 necessario attendere almeno fino a cinque anni prima dell\u2019et\u00e0 ordinaria AVS (donne a 59 anni, uomini a 60 anni).<\/p>\n<\/details>\n<\/div>\n<\/section>\n","protected":false},"excerpt":{"rendered":"<p>Previdenza vincolata pilastro 3a Libero passaggio 2\u00b0 pilastro<\/p>\n","protected":false},"author":2,"featured_media":0,"parent":0,"menu_order":23,"comment_status":"closed","ping_status":"closed","template":"","meta":{"footnotes":""},"class_list":["post-731","page","type-page","status-publish","hentry"],"_links":{"self":[{"href":"https:\/\/privor.ch\/it\/wp-json\/wp\/v2\/pages\/731","targetHints":{"allow":["GET"]}}],"collection":[{"href":"https:\/\/privor.ch\/it\/wp-json\/wp\/v2\/pages"}],"about":[{"href":"https:\/\/privor.ch\/it\/wp-json\/wp\/v2\/types\/page"}],"author":[{"embeddable":true,"href":"https:\/\/privor.ch\/it\/wp-json\/wp\/v2\/users\/2"}],"replies":[{"embeddable":true,"href":"https:\/\/privor.ch\/it\/wp-json\/wp\/v2\/comments?post=731"}],"version-history":[{"count":7,"href":"https:\/\/privor.ch\/it\/wp-json\/wp\/v2\/pages\/731\/revisions"}],"predecessor-version":[{"id":1137,"href":"https:\/\/privor.ch\/it\/wp-json\/wp\/v2\/pages\/731\/revisions\/1137"}],"wp:attachment":[{"href":"https:\/\/privor.ch\/it\/wp-json\/wp\/v2\/media?parent=731"}],"curies":[{"name":"wp","href":"https:\/\/api.w.org\/{rel}","templated":true}]}}