{"id":756,"date":"2025-07-31T13:25:02","date_gmt":"2025-07-31T11:25:02","guid":{"rendered":"https:\/\/privor.agenturschmucki.ch\/?page_id=756"},"modified":"2025-08-18T13:29:44","modified_gmt":"2025-08-18T11:29:44","slug":"impressum","status":"publish","type":"page","link":"https:\/\/privor.ch\/fr\/impressum\/","title":{"rendered":"Impressum"},"content":{"rendered":"\n<section class=\"wp-block-group alignfull is-style-group-bg-grey header-3 is-layout-constrained wp-block-group-is-layout-constrained is-style-group-bg-grey--1\">\n<h1 class=\"wp-block-heading has-text-align-center\">Impressum<\/h1>\n<\/section>\n\n\n\n<section class=\"wp-block-group alignwide impressum-content is-layout-constrained wp-block-group-is-layout-constrained\">\n<div class=\"wp-block-group is-vertical is-layout-flex wp-container-core-group-is-layout-8cf370e7 wp-block-group-is-layout-flex\">\n<div class=\"wp-block-group is-layout-constrained wp-block-group-is-layout-constrained\">\n<h2 class=\"wp-block-heading\">\u00c9diteur<\/h2>\n\n\n\n<p>Privor Fondation 3<sup>e<\/sup>&nbsp;pilier \/ Privor Fondation de libre passage<br>Mattenstrasse 8<br>3073 G\u00fcmligen<br>T\u00e9l\u00e9phone 031 660 20 20<br><a href=\"mailto:info@privor.ch\">info@privor.ch<\/a><\/p>\n\n\n\n<p>Privor Fondation 3e pilier et Privor Fondation de libre passage sont inscrit au registre du commerce du canton de Berne (IDE CHE-102.045.534 \/ CHE-109.587.776) et sont repr\u00e9sent\u00e9s par Daniel J. Friedlixxxx. Le num\u00e9ro de TVA suisse est CHE-109.587.776CHE-xxxxxxxxxxx.<\/p>\n<\/div>\n\n\n\n<div class=\"wp-block-group is-layout-constrained wp-block-group-is-layout-constrained\">\n<h2 class=\"wp-block-heading\">Conception, design, programmation<\/h2>\n\n\n\n<p>Schmucki Agentur f\u00fcr Kommunikation AG<br>8610 Uster<br><a href=\"http:\/\/www.agenturschmucki.ch\/\" target=\"_blank\" rel=\"noreferrer noopener\">agenturschmucki.ch<\/a><\/p>\n<\/div>\n\n\n\n<div class=\"wp-block-group is-layout-constrained wp-block-group-is-layout-constrained\">\n<h2 class=\"wp-block-heading\">Clause de non-responsabilit\u00e9<\/h2>\n\n\n\n<p>L\u2019auteur d\u00e9cline toute responsabilit\u00e9 quant \u00e0 l\u2019exactitude, la pr\u00e9cision, l\u2019actualit\u00e9, la fiabilit\u00e9 et l\u2019exhaustivit\u00e9 des informations mises \u00e0 disposition.<\/p>\n\n\n\n<p>La responsabilit\u00e9 de l\u2019auteur est exclue en cas de dommages mat\u00e9riels ou immat\u00e9riels r\u00e9sultant de l\u2019acc\u00e8s, de l\u2019utilisation ou de la non-utilisation des informations publi\u00e9es, d\u2019une mauvaise utilisation de la connexion ou de d\u00e9faillances techniques.<\/p>\n\n\n\n<p>Toutes les offres sont sans engagement. L\u2019auteur se r\u00e9serve express\u00e9ment le droit de modifier, de compl\u00e9ter ou d\u2019effacer des parties des pages ou l\u2019ensemble de l\u2019offre sans avis pr\u00e9alable ou d\u2019en suspendre temporairement ou d\u00e9finitivement la publication.<\/p>\n<\/div>\n\n\n\n<div class=\"wp-block-group is-layout-constrained wp-block-group-is-layout-constrained\">\n<h2 class=\"wp-block-heading\">Responsabilit\u00e9 pour les liens<\/h2>\n\n\n\n<p>Les r\u00e9f\u00e9rences et les liens vers des sites Web de tiers ne rel\u00e8vent pas de notre responsabilit\u00e9. Toute responsabilit\u00e9 pour ces sites Web est rejet\u00e9e. L\u2019acc\u00e8s \u00e0 ces sites Web et leur utilisation se font aux risques et p\u00e9rils de l\u2019utilisateur.<\/p>\n<\/div>\n\n\n\n<div class=\"wp-block-group is-layout-constrained wp-block-group-is-layout-constrained\">\n<h2 class=\"wp-block-heading\">Droits d\u2019auteur<\/h2>\n\n\n\n<p>Les droits d\u2019auteur et tous les autres droits sur les contenus, images, photos ou autres fichiers du site appartiennent exclusivement \u00e0 Privor Fondation 3<sup>e<\/sup>&nbsp;pilier et Privor Fondation de libre passage ou les titulaires de droits sp\u00e9cifiquement d\u00e9sign\u00e9s. La reproduction de tout \u00e9l\u00e9ment doit faire l\u2019objet d\u2019une autorisation \u00e9crite au pr\u00e9alable du d\u00e9tenteur des droits d\u2019auteur.<\/p>\n\n\n\n<p>\u00a9 Copyright Privor Fondation 3<sup>e<\/sup>&nbsp;pilier \/ Privor Fondation de libre passage \u2013 all rights reserved.<\/p>\n<\/div>\n<\/div>\n<\/section>\n","protected":false},"excerpt":{"rendered":"<p>\u00c9diteur Privor Fondation 3e&nbsp;pilier \/ Privor Fondation de libre passageMattenstrasse 83073 G\u00fcmligenT\u00e9l\u00e9phone 031 660 20 20info@privor.ch Privor Fondation 3e pilier et Privor Fondation de libre passage sont inscrit au registre du commerce du canton de Berne (IDE CHE-102.045.534 \/ CHE-109.587.776) et sont repr\u00e9sent\u00e9s par Daniel J. Friedlixxxx. Le num\u00e9ro de TVA suisse est CHE-109.587.776CHE-xxxxxxxxxxx. Conception, [&hellip;]<\/p>\n","protected":false},"author":4,"featured_media":0,"parent":0,"menu_order":11,"comment_status":"closed","ping_status":"closed","template":"","meta":{"footnotes":""},"class_list":["post-756","page","type-page","status-publish","hentry"],"_links":{"self":[{"href":"https:\/\/privor.ch\/fr\/wp-json\/wp\/v2\/pages\/756","targetHints":{"allow":["GET"]}}],"collection":[{"href":"https:\/\/privor.ch\/fr\/wp-json\/wp\/v2\/pages"}],"about":[{"href":"https:\/\/privor.ch\/fr\/wp-json\/wp\/v2\/types\/page"}],"author":[{"embeddable":true,"href":"https:\/\/privor.ch\/fr\/wp-json\/wp\/v2\/users\/4"}],"replies":[{"embeddable":true,"href":"https:\/\/privor.ch\/fr\/wp-json\/wp\/v2\/comments?post=756"}],"version-history":[{"count":1,"href":"https:\/\/privor.ch\/fr\/wp-json\/wp\/v2\/pages\/756\/revisions"}],"predecessor-version":[{"id":758,"href":"https:\/\/privor.ch\/fr\/wp-json\/wp\/v2\/pages\/756\/revisions\/758"}],"wp:attachment":[{"href":"https:\/\/privor.ch\/fr\/wp-json\/wp\/v2\/media?parent=756"}],"curies":[{"name":"wp","href":"https:\/\/api.w.org\/{rel}","templated":true}]}}