{"id":632,"date":"2025-07-31T13:10:42","date_gmt":"2025-07-31T11:10:42","guid":{"rendered":"https:\/\/privor.agenturschmucki.ch\/?page_id=632"},"modified":"2026-03-11T16:24:50","modified_gmt":"2026-03-11T15:24:50","slug":"a-propos-de-nous","status":"publish","type":"page","link":"https:\/\/privor.ch\/fr\/a-propos-de-nous\/","title":{"rendered":"\u00c0 propos de nous"},"content":{"rendered":"\n<section class=\"wp-block-group alignwide section-header is-layout-constrained wp-block-group-is-layout-constrained\">\n<div class=\"wp-block-cover alignwide is-light has-custom-content-position is-position-bottom-center\"><img loading=\"lazy\" decoding=\"async\" width=\"1024\" height=\"711\" class=\"wp-block-cover__image-background wp-image-333 size-large\" alt=\"\" src=\"https:\/\/privor.ch\/wp-content\/uploads\/2025\/08\/privor_stiftung_3saeule_freizuegigkeitsstiftung_13-1024x711.jpg\" data-object-fit=\"cover\" srcset=\"https:\/\/privor.ch\/wp-content\/uploads\/2025\/08\/privor_stiftung_3saeule_freizuegigkeitsstiftung_13-1024x711.jpg 1024w, https:\/\/privor.ch\/wp-content\/uploads\/2025\/08\/privor_stiftung_3saeule_freizuegigkeitsstiftung_13-300x208.jpg 300w, https:\/\/privor.ch\/wp-content\/uploads\/2025\/08\/privor_stiftung_3saeule_freizuegigkeitsstiftung_13-768x533.jpg 768w, https:\/\/privor.ch\/wp-content\/uploads\/2025\/08\/privor_stiftung_3saeule_freizuegigkeitsstiftung_13-1536x1067.jpg 1536w, https:\/\/privor.ch\/wp-content\/uploads\/2025\/08\/privor_stiftung_3saeule_freizuegigkeitsstiftung_13-2048x1422.jpg 2048w\" sizes=\"auto, (max-width: 1024px) 100vw, 1024px\" \/><span aria-hidden=\"true\" class=\"wp-block-cover__background has-background-dim\" style=\"background-color:#7194bf\"><\/span><div class=\"wp-block-cover__inner-container is-layout-constrained wp-block-cover-is-layout-constrained\">\n<div class=\"wp-block-group alignfull is-horizontal is-content-justification-left is-nowrap is-layout-flex wp-container-core-group-is-layout-c43d38c9 wp-block-group-is-layout-flex\">\n<h1 class=\"wp-block-heading alignfull slide-in-left\">\u00c9pargner avec <strong>tradition<\/strong> \u2013 depuis plus de <strong>30 ans<\/strong><\/h1>\n\n\n\n<div class=\"wp-block-group fade-in delay-5 is-content-justification-center is-layout-constrained wp-block-group-is-layout-constrained\">\n<div class=\"wp-block-group cta-container is-layout-constrained wp-block-group-is-layout-constrained\">\n<div class=\"wp-block-group fade-in delay-5 cta_button is-content-justification-center is-layout-constrained wp-block-group-is-layout-constrained\">\n<a class=\"cta\" href=\"#\" aria-label=\"Link to Contact-Page\"><svg xmlns=\"http:\/\/www.w3.org\/2000\/svg\" xmlns:xlink=\"http:\/\/www.w3.org\/1999\/xlink\" version=\"1.1\" id=\"Ebene_1\" x=\"0px\" y=\"0px\" width=\"185px\" height=\"185px\" viewBox=\"0 0 185 185\" style=\"enable-background:new 0 0 185 185;\" xml:space=\"preserve\">\n<style type=\"text\/css\">\n\t.st1{fill:url(#SVGID_1_);}\n<\/style>\n<linearGradient id=\"SVGID_1_\" gradientUnits=\"userSpaceOnUse\" x1=\"135.4971\" y1=\"9.6551\" x2=\"49.0113\" y2=\"177.5669\" gradientTransform=\"matrix(1 0 0 -1 0 186)\">\n\t<stop offset=\"0\" style=\"stop-color:#FF8200\"\/>\n\t<stop offset=\"1\" style=\"stop-color:#FF9900\"\/>\n\t<stop offset=\"1\" style=\"stop-color:#FF9900\"\/>\n<\/linearGradient>\n<path class=\"st1\" d=\"M69.1,4.9c1.5-3.1,5.5-3.9,8.1-1.8l0.2,0.2c2.3,1.9,5.8,1.5,7.6-0.9l0.2-0.2c2-2.8,6.1-2.9,8.3-0.3L93.6,2  c1.9,2.3,5.5,2.5,7.6,0.4l0.2-0.2c2.5-2.4,6.5-1.8,8.2,1.2l0.1,0.2c1.5,2.6,4.9,3.5,7.4,1.8l0.2-0.1c2.8-1.9,6.7-0.6,7.8,2.6  l0.1,0.2c1,2.9,4.2,4.3,7,3.1l0.2-0.1c3.1-1.3,6.7,0.6,7.2,4l0,0.3c0.5,3,3.4,5,6.3,4.3l0.3-0.1c3.3-0.8,6.5,1.8,6.4,5.2l0,0.3  c-0.1,3,2.4,5.5,5.5,5.4l0.3,0c3.4-0.2,6.1,2.9,5.4,6.3l-0.1,0.3c-0.6,3,1.4,5.8,4.4,6.2l0.3,0c3.4,0.5,5.4,4,4.2,7.1l-0.1,0.2  c-1.1,2.8,0.4,6,3.2,6.9l0.2,0.1c3.2,1.1,4.6,4.9,2.8,7.8l-0.1,0.2c-1.6,2.6-0.7,6,2,7.4l0.2,0.1c3,1.6,3.7,5.6,1.4,8.2l-0.2,0.2  c-2,2.2-1.8,5.7,0.6,7.6l0.2,0.2c2.7,2.1,2.6,6.2-0.1,8.3l-0.2,0.2c-2.4,1.8-2.8,5.3-0.8,7.6l0.2,0.2c2.2,2.6,1.5,6.6-1.6,8.1  l-0.2,0.1c-2.7,1.4-3.7,4.8-2.1,7.4l0.1,0.2c1.8,2.9,0.3,6.7-3,7.7l-0.2,0.1c-2.9,0.9-4.5,4-3.4,6.9l0.1,0.2  c1.2,3.2-0.9,6.7-4.3,7.1l-0.3,0c-3,0.3-5.1,3.2-4.6,6.1l0,0.3c0.6,3.4-2.1,6.4-5.5,6.2l-0.3,0c-3-0.2-5.6,2.2-5.6,5.2v0.3  c0,3.4-3.2,5.9-6.5,5.1l-0.2-0.1c-2.9-0.7-5.9,1.2-6.4,4.2l0,0.3c-0.6,3.4-4.2,5.3-7.3,3.8l-0.2-0.1c-2.8-1.3-6,0.1-7.1,2.9  l-0.1,0.2c-1.2,3.2-5.1,4.4-7.9,2.5l-0.2-0.1c-2.5-1.7-5.9-1-7.5,1.6l-0.1,0.2c-1.7,2.9-5.8,3.4-8.2,1l-0.2-0.2  c-2.1-2.1-5.7-2-7.7,0.3l-0.2,0.2c-2.2,2.6-6.3,2.3-8.3-0.5l-0.1-0.2c-1.7-2.5-5.2-3-7.6-1.1l-0.2,0.2c-2.7,2.1-6.6,1.2-8-1.9  l-0.1-0.2c-1.3-2.8-4.6-3.9-7.3-2.4l-0.2,0.1c-3,1.6-6.7,0-7.6-3.3l-0.1-0.2c-0.7-2.9-3.8-4.6-6.7-3.7l-0.2,0.1  c-3.2,1.1-6.6-1.2-6.9-4.6l0-0.3c-0.2-3-2.9-5.2-5.9-4.8l-0.3,0c-3.4,0.5-6.3-2.4-5.9-5.8l0-0.3c0.3-3-1.9-5.7-5-5.8l-0.3,0  c-3.4-0.1-5.8-3.5-4.8-6.7l0.1-0.2c0.9-2.9-0.9-5.9-3.9-6.6l-0.3-0.1c-3.3-0.8-5.1-4.4-3.5-7.5l0.1-0.2c1.4-2.7,0.2-6-2.6-7.2  l-0.2-0.1c-3.1-1.3-4.2-5.3-2.1-8l0.2-0.2c1.8-2.4,1.2-5.9-1.3-7.5l-0.2-0.1c-2.9-1.9-3.2-5.9-0.7-8.2l0.2-0.2  c2.2-2,2.3-5.6,0.1-7.7l-0.2-0.2c-2.5-2.4-2.1-6.4,0.8-8.2l0.2-0.1c2.6-1.6,3.2-5.1,1.4-7.5l-0.2-0.2c-2-2.8-0.9-6.7,2.3-7.9  l0.2-0.1c2.8-1.1,4.1-4.4,2.8-7.1l-0.1-0.2C7.8,53,9.6,49.3,13,48.7l0.3-0.1c3-0.6,4.8-3.6,4-6.5l-0.1-0.2c-0.9-3.3,1.5-6.6,4.9-6.6  l0.3,0c3-0.1,5.4-2.7,5.1-5.7l0-0.3c-0.3-3.4,2.7-6.2,6-5.7l0.3,0c3,0.5,5.8-1.7,6-4.7l0-0.3c0.3-3.4,3.7-5.6,6.9-4.5l0.2,0.1  c2.9,1,6-0.6,6.8-3.6l0.1-0.2c0.9-3.3,4.7-4.9,7.6-3.2l0.2,0.1c2.6,1.5,6,0.4,7.3-2.3L69.1,4.9z\"\/>\n<\/svg>\n<\/a>\n\n\n\n<p>plus de <strong>177\u2019000<\/strong> preneurs de pr\u00e9voyance<\/p>\n<\/div>\n<\/div>\n<\/div>\n<\/div>\n<\/div><\/div>\n<\/section>\n\n\n\n<section class=\"wp-block-group alignwide is-layout-constrained wp-block-group-is-layout-constrained\">\n<div class=\"wp-block-group slide-in-up is-vertical is-layout-flex wp-container-core-group-is-layout-76a81b31 wp-block-group-is-layout-flex\">\n<h2 class=\"wp-block-heading\">Privor \u2013 la pr\u00e9voyance priv\u00e9e en Suisse<\/h2>\n\n\n\n<p>Depuis plus de 30 ans, nous nous occupons de la pr\u00e9voyance priv\u00e9e de nos clients. L\u2019\u00e9pargne a une longue tradition chez nous ! Nous nous appuyons sur un contact personnel et expliquons \u00e0 nos clients le monde complexe de la planification de la retraite avec un service comp\u00e9tent et un grand savoir-faire. Pour nous, la tradition ne signifie pas s\u2019arr\u00eater, mais plut\u00f4t maintenir l\u2019appr\u00e9ciation, \u00e9tablir et d\u00e9velopper la confiance, et maintenir un contact personnel et individuel avec nos clients. En collaboration avec nos banques partenaires, nous nous concentrons sur les liens r\u00e9gionaux et travaillons de mani\u00e8re cibl\u00e9e pour le b\u00e9n\u00e9fice de nos clients.<\/p>\n<\/div>\n<\/section>\n\n\n\n<section class=\"wp-block-group alignwide is-layout-constrained wp-block-group-is-layout-constrained\">\n<div class=\"wp-block-group slide-in-up is-vertical is-layout-flex wp-container-core-group-is-layout-76a81b31 wp-block-group-is-layout-flex\">\n<h3 class=\"wp-block-heading\">Faits et chiffres<\/h3>\n<\/div>\n\n\n\n<div class=\"facts-filter wp-block-group\">\n  <button class=\"filter-tab active\" data-filter=\"saeule3\">Privor Fondation 3<sup>e<\/sup>pilier<\/button>\n  <button class=\"filter-tab\" data-filter=\"freizuegigkeit\">Privor Fondation de libre passage<\/button>\n<\/div>\n\n\n\n<div class=\"wp-block-group facts-grid-container is-layout-grid wp-container-core-group-is-layout-baef362d wp-block-group-is-layout-grid\">\n<div class=\"facts-grid\" data-group=\"saeule3\">\n    <!-- Zahlenblock S\u00e4ule 3 -->\n    <div class=\"fact\"><div class=\"number-suffix\"><span class=\"counter\">4369<\/span><span class=\"suffix\">Mio.<\/span><\/div><span>avoirs de pr\u00e9voyance<\/span><\/div>\n<\/div>\n\n\n\n<div class=\"facts-grid\" data-group=\"saeule3\">\n    <!-- Zahlenblock S\u00e4ule 3 -->\n    <div class=\"fact\"><div class=\"number-suffix\"><span class=\"counter\">454<\/span><span class=\"suffix\">Mio.<\/span><\/div><span>cotisations d\u2019\u00e9pargne<\/span><\/div>\n<\/div>\n\n\n\n<div class=\"facts-grid\" data-group=\"saeule3\">\n    <!-- Zahlenblock S\u00e4ule 3 -->\n    <div class=\"fact\"><div class=\"number-suffix\"><span class=\"counter\">311<\/span><span class=\"suffix\">Mio.<\/span><\/div><span>retraits annuellement<\/span><\/div>\n<\/div>\n\n\n\n<div class=\"facts-grid\" data-group=\"saeule3\">\n    <!-- Zahlenblock S\u00e4ule 3 -->\n    <div class=\"fact\"><div class=\"number-suffix\"><span class=\"counter\">16900<\/span><\/div><span>comptes ouverts en 2025<\/span><\/div>\n<\/div>\n\n\n\n<div class=\"facts-grid\" data-group=\"saeule3\">\n    <!-- Zahlenblock S\u00e4ule 3 -->\n    <div class=\"fact\"><div class=\"number-suffix\"><span class=\"counter\">152901<\/span><\/div><span>preneurs de pr\u00e9voyance<\/span><\/div>\n<\/div>\n\n\n\n<div class=\"facts-grid\" data-group=\"saeule3\">\n    <!-- Zahlenblock S\u00e4ule 3 -->\n    <div class=\"fact\"><div class=\"number-suffix\"><span class=\"counter\">47<\/span><\/div><span>banques affili\u00e9es<\/span><\/div>\n<\/div>\n\n\n\n<div class=\"facts-grid hidden\" data-group=\"freizuegigkeit\">\n    <!-- Zahlenblock S\u00e4ule 3 -->\n    <div class=\"fact\"><div class=\"number-suffix\"><span class=\"counter\">1342<\/span><span class=\"suffix\">Mio.<\/span><\/div><span>avoirs de pr\u00e9voyance<\/span><\/div>\n<\/div>\n\n\n\n<div class=\"facts-grid hidden\" data-group=\"freizuegigkeit\">\n    <!-- Zahlenblock S\u00e4ule 3 -->\n    <div class=\"fact\"><div class=\"number-suffix\"><span class=\"counter\">365<\/span><span class=\"suffix\">Mio.<\/span><\/div><span>rentr\u00e9es provenant des prestations d\u2019entr\u00e9e<\/span><\/div>\n<\/div>\n\n\n\n<div class=\"facts-grid hidden\" data-group=\"freizuegigkeit\">\n    <!-- Zahlenblock S\u00e4ule 3 -->\n    <div class=\"fact\"><div class=\"number-suffix\"><span class=\"counter\">136<\/span><span class=\"suffix\">Mio.<\/span><\/div><span>de versements en esp\u00e8ce<\/span><\/div>\n<\/div>\n\n\n\n<div class=\"facts-grid hidden\" data-group=\"freizuegigkeit\">\n    <!-- Zahlenblock S\u00e4ule 3 -->\n    <div class=\"fact\"><div class=\"number-suffix\"><span class=\"counter\">25145<\/span><\/div><span>assur\u00e9s<\/span><\/div>\n<\/div>\n\n\n\n<div class=\"facts-grid hidden\" data-group=\"freizuegigkeit\">\n    <!-- Zahlenblock S\u00e4ule 3 -->\n    <div class=\"fact\"><div class=\"number-suffix\"><span class=\"counter\">47<\/span><\/div><span>banques affili\u00e9es<\/span><\/div>\n<\/div>\n<\/div>\n<\/section>\n\n\n\n<section class=\"wp-block-group alignwide is-style-group-bg-grey mitarbeiter is-layout-constrained wp-block-group-is-layout-constrained is-style-group-bg-grey--1\">\n<h3 class=\"wp-block-heading has-text-align-center slide-in-up delay-1\">Conseil de Fondation<\/h3>\n\n\n\n<div class=\"wp-block-group is-layout-grid wp-container-core-group-is-layout-6be84c55 wp-block-group-is-layout-grid\">\n<div class=\"wp-block-group is-vertical is-layout-flex wp-container-core-group-is-layout-8cf370e7 wp-block-group-is-layout-flex\">\n<figure class=\"wp-block-image size-full\"><img loading=\"lazy\" decoding=\"async\" width=\"654\" height=\"672\" src=\"https:\/\/privor.ch\/wp-content\/uploads\/2025\/07\/privor_frieden-stephan.jpg\" alt=\"\" class=\"wp-image-136\" srcset=\"https:\/\/privor.ch\/wp-content\/uploads\/2025\/07\/privor_frieden-stephan.jpg 654w, https:\/\/privor.ch\/wp-content\/uploads\/2025\/07\/privor_frieden-stephan-292x300.jpg 292w\" sizes=\"auto, (max-width: 654px) 100vw, 654px\" \/><\/figure>\n\n\n\n<p><strong>Stephan Frieden<\/strong><\/p>\n\n\n\n<p>Pr\u00e9sident du Conseil de Fondation<\/p>\n<\/div>\n\n\n\n<div class=\"wp-block-group is-vertical is-layout-flex wp-container-core-group-is-layout-8cf370e7 wp-block-group-is-layout-flex\">\n<figure class=\"wp-block-image size-full\"><img loading=\"lazy\" decoding=\"async\" width=\"654\" height=\"672\" src=\"https:\/\/privor.ch\/wp-content\/uploads\/2025\/07\/privor_rossberg-steffen.jpg\" alt=\"\" class=\"wp-image-456\" srcset=\"https:\/\/privor.ch\/wp-content\/uploads\/2025\/07\/privor_rossberg-steffen.jpg 654w, https:\/\/privor.ch\/wp-content\/uploads\/2025\/07\/privor_rossberg-steffen-292x300.jpg 292w\" sizes=\"auto, (max-width: 654px) 100vw, 654px\" \/><\/figure>\n\n\n\n<p><strong><strong>Steffen Rossberg<\/strong><\/strong><\/p>\n\n\n\n<p>Vice-Pr\u00e9sident du Conseil de Fondation<\/p>\n<\/div>\n\n\n\n<div class=\"wp-block-group is-vertical is-layout-flex wp-container-core-group-is-layout-8cf370e7 wp-block-group-is-layout-flex\">\n<figure class=\"wp-block-image size-full\"><img loading=\"lazy\" decoding=\"async\" width=\"654\" height=\"672\" src=\"https:\/\/privor.ch\/wp-content\/uploads\/2025\/07\/Schwarz_Marc.jpg\" alt=\"\" class=\"wp-image-138\" srcset=\"https:\/\/privor.ch\/wp-content\/uploads\/2025\/07\/Schwarz_Marc.jpg 654w, https:\/\/privor.ch\/wp-content\/uploads\/2025\/07\/Schwarz_Marc-292x300.jpg 292w\" sizes=\"auto, (max-width: 654px) 100vw, 654px\" \/><\/figure>\n\n\n\n<p><strong>Marc Schwarz<\/strong><\/p>\n<\/div>\n\n\n\n<div class=\"wp-block-group is-vertical is-layout-flex wp-container-core-group-is-layout-8cf370e7 wp-block-group-is-layout-flex\">\n<figure class=\"wp-block-image size-full\"><img loading=\"lazy\" decoding=\"async\" width=\"654\" height=\"672\" src=\"https:\/\/privor.ch\/wp-content\/uploads\/2026\/01\/Riku_Aro-privor.webp\" alt=\"Portrait Riku Aro\" class=\"wp-image-1154\" srcset=\"https:\/\/privor.ch\/wp-content\/uploads\/2026\/01\/Riku_Aro-privor.webp 654w, https:\/\/privor.ch\/wp-content\/uploads\/2026\/01\/Riku_Aro-privor-292x300.webp 292w\" sizes=\"auto, (max-width: 654px) 100vw, 654px\" \/><\/figure>\n\n\n\n<p><strong>Riku Aro<\/strong><\/p>\n<\/div>\n\n\n\n<div class=\"wp-block-group is-vertical is-layout-flex wp-container-core-group-is-layout-8cf370e7 wp-block-group-is-layout-flex\">\n<figure class=\"wp-block-image size-full\"><img loading=\"lazy\" decoding=\"async\" width=\"654\" height=\"672\" src=\"https:\/\/privor.ch\/wp-content\/uploads\/2025\/07\/privor_zoerner-marco.jpg\" alt=\"\" class=\"wp-image-140\" srcset=\"https:\/\/privor.ch\/wp-content\/uploads\/2025\/07\/privor_zoerner-marco.jpg 654w, https:\/\/privor.ch\/wp-content\/uploads\/2025\/07\/privor_zoerner-marco-292x300.jpg 292w\" sizes=\"auto, (max-width: 654px) 100vw, 654px\" \/><\/figure>\n\n\n\n<p><strong>Marco Z\u00f6rner<\/strong><\/p>\n<\/div>\n\n\n\n<div class=\"wp-block-group is-vertical is-layout-flex wp-container-core-group-is-layout-8cf370e7 wp-block-group-is-layout-flex\">\n<figure class=\"wp-block-image size-full\"><img loading=\"lazy\" decoding=\"async\" width=\"654\" height=\"672\" src=\"https:\/\/privor.ch\/wp-content\/uploads\/2026\/01\/Reto_Huenerwadel.webp\" alt=\"Portrait Reto Huenerwadel\" class=\"wp-image-1140\" srcset=\"https:\/\/privor.ch\/wp-content\/uploads\/2026\/01\/Reto_Huenerwadel.webp 654w, https:\/\/privor.ch\/wp-content\/uploads\/2026\/01\/Reto_Huenerwadel-292x300.webp 292w\" sizes=\"auto, (max-width: 654px) 100vw, 654px\" \/><\/figure>\n\n\n\n<p><strong><strong>Reto Huenerwadel<\/strong><\/strong><\/p>\n<\/div>\n<\/div>\n\n\n\n<div style=\"height:8rem\" aria-hidden=\"true\" class=\"wp-block-spacer\"><\/div>\n\n\n\n<h3 class=\"wp-block-heading has-text-align-center slide-in-up delay-1\">Direction<\/h3>\n\n\n\n<div class=\"wp-block-group is-layout-grid wp-container-core-group-is-layout-6be84c55 wp-block-group-is-layout-grid\">\n<div class=\"wp-block-group is-vertical is-layout-flex wp-container-core-group-is-layout-8cf370e7 wp-block-group-is-layout-flex\">\n<figure class=\"wp-block-image size-full\"><img loading=\"lazy\" decoding=\"async\" width=\"654\" height=\"672\" src=\"https:\/\/privor.ch\/wp-content\/uploads\/2025\/12\/daniel_friedli.jpg\" alt=\"\" class=\"wp-image-1107\" srcset=\"https:\/\/privor.ch\/wp-content\/uploads\/2025\/12\/daniel_friedli.jpg 654w, https:\/\/privor.ch\/wp-content\/uploads\/2025\/12\/daniel_friedli-292x300.jpg 292w\" sizes=\"auto, (max-width: 654px) 100vw, 654px\" \/><\/figure>\n\n\n\n<p><strong>Daniel J. Friedli<\/strong><\/p>\n\n\n\n<p>G\u00e9rant d\u2019affaires<\/p>\n<\/div>\n\n\n\n<div class=\"wp-block-group is-vertical is-layout-flex wp-container-core-group-is-layout-8cf370e7 wp-block-group-is-layout-flex\">\n<figure class=\"wp-block-image size-full\"><img loading=\"lazy\" decoding=\"async\" width=\"654\" height=\"672\" src=\"https:\/\/privor.ch\/wp-content\/uploads\/2025\/07\/privor_Corina-Schenk.jpg\" alt=\"\" class=\"wp-image-144\" srcset=\"https:\/\/privor.ch\/wp-content\/uploads\/2025\/07\/privor_Corina-Schenk.jpg 654w, https:\/\/privor.ch\/wp-content\/uploads\/2025\/07\/privor_Corina-Schenk-292x300.jpg 292w\" sizes=\"auto, (max-width: 654px) 100vw, 654px\" \/><\/figure>\n\n\n\n<p><strong>Corina Schenk<\/strong><\/p>\n\n\n\n<p>Responsable centre comp\u00e9tence pr\u00e9voyance<\/p>\n<\/div>\n<\/div>\n<\/section>\n","protected":false},"excerpt":{"rendered":"<p>Privor \u2013 la pr\u00e9voyance priv\u00e9e en Suisse Depuis plus de 30 ans, nous nous occupons de la pr\u00e9voyance priv\u00e9e de nos clients. L\u2019\u00e9pargne a une longue tradition chez nous ! Nous nous appuyons sur un contact personnel et expliquons \u00e0 nos clients le monde complexe de la planification de la retraite avec un service comp\u00e9tent [&hellip;]<\/p>\n","protected":false},"author":5,"featured_media":0,"parent":0,"menu_order":24,"comment_status":"closed","ping_status":"closed","template":"wp-custom-template-index-footer-white","meta":{"footnotes":""},"class_list":["post-632","page","type-page","status-publish","hentry"],"_links":{"self":[{"href":"https:\/\/privor.ch\/fr\/wp-json\/wp\/v2\/pages\/632","targetHints":{"allow":["GET"]}}],"collection":[{"href":"https:\/\/privor.ch\/fr\/wp-json\/wp\/v2\/pages"}],"about":[{"href":"https:\/\/privor.ch\/fr\/wp-json\/wp\/v2\/types\/page"}],"author":[{"embeddable":true,"href":"https:\/\/privor.ch\/fr\/wp-json\/wp\/v2\/users\/5"}],"replies":[{"embeddable":true,"href":"https:\/\/privor.ch\/fr\/wp-json\/wp\/v2\/comments?post=632"}],"version-history":[{"count":10,"href":"https:\/\/privor.ch\/fr\/wp-json\/wp\/v2\/pages\/632\/revisions"}],"predecessor-version":[{"id":1189,"href":"https:\/\/privor.ch\/fr\/wp-json\/wp\/v2\/pages\/632\/revisions\/1189"}],"wp:attachment":[{"href":"https:\/\/privor.ch\/fr\/wp-json\/wp\/v2\/media?parent=632"}],"curies":[{"name":"wp","href":"https:\/\/api.w.org\/{rel}","templated":true}]}}