{"id":619,"date":"2025-07-31T13:22:02","date_gmt":"2025-07-31T11:22:02","guid":{"rendered":"https:\/\/privor.agenturschmucki.ch\/?page_id=619"},"modified":"2025-08-11T13:13:09","modified_gmt":"2025-08-11T11:13:09","slug":"contact","status":"publish","type":"page","link":"https:\/\/privor.ch\/fr\/contact\/","title":{"rendered":"Contact"},"content":{"rendered":"\n<div class=\"wp-block-group alignwide is-layout-constrained wp-block-group-is-layout-constrained\">\n<div class=\"wp-block-group is-layout-constrained wp-block-group-is-layout-constrained\">\n<div class=\"wp-block-group is-vertical is-content-justification-center is-layout-flex wp-container-core-group-is-layout-4b2eccd6 wp-block-group-is-layout-flex\">\n<h1 class=\"wp-block-heading has-text-align-center\">Vous voulez une pr\u00e9voyance r\u00e9fl\u00e9chie? Nous sommes l\u00e0 pour vous aider.<\/h1>\n<\/div>\n\n\n<div id=\"quform-9cb08d\" class=\"quform quform-2 quform-support-page-caching\"><form id=\"quform-form-9cb08d\" class=\"quform-form quform-form-2\" action=\"\/fr\/wp-json\/wp\/v2\/pages\/619#quform-9cb08d\" method=\"post\" enctype=\"multipart\/form-data\" novalidate=\"novalidate\" data-options=\"{&quot;id&quot;:2,&quot;uniqueId&quot;:&quot;9cb08d&quot;,&quot;theme&quot;:&quot;&quot;,&quot;ajax&quot;:true,&quot;logic&quot;:{&quot;logic&quot;:{&quot;17&quot;:{&quot;action&quot;:true,&quot;match&quot;:&quot;all&quot;,&quot;rules&quot;:[{&quot;elementId&quot;:&quot;16&quot;,&quot;operator&quot;:&quot;eq&quot;,&quot;optionId&quot;:&quot;1&quot;,&quot;value&quot;:&quot;J&#039;ai d\\u00e9j\\u00e0 un compte Privor&quot;}]},&quot;20&quot;:{&quot;action&quot;:true,&quot;match&quot;:&quot;all&quot;,&quot;rules&quot;:[{&quot;elementId&quot;:&quot;16&quot;,&quot;operator&quot;:&quot;eq&quot;,&quot;optionId&quot;:&quot;1&quot;,&quot;value&quot;:&quot;J&#039;ai d\\u00e9j\\u00e0 un compte Privor&quot;}]},&quot;19&quot;:{&quot;action&quot;:true,&quot;match&quot;:&quot;all&quot;,&quot;rules&quot;:[{&quot;elementId&quot;:&quot;16&quot;,&quot;operator&quot;:&quot;eq&quot;,&quot;optionId&quot;:&quot;1&quot;,&quot;value&quot;:&quot;J&#039;ai d\\u00e9j\\u00e0 un compte Privor&quot;}]},&quot;18&quot;:{&quot;action&quot;:true,&quot;match&quot;:&quot;all&quot;,&quot;rules&quot;:[{&quot;elementId&quot;:&quot;16&quot;,&quot;operator&quot;:&quot;eq&quot;,&quot;optionId&quot;:&quot;1&quot;,&quot;value&quot;:&quot;J&#039;ai d\\u00e9j\\u00e0 un compte Privor&quot;}]},&quot;23&quot;:{&quot;action&quot;:true,&quot;match&quot;:&quot;all&quot;,&quot;rules&quot;:[{&quot;elementId&quot;:&quot;16&quot;,&quot;operator&quot;:&quot;eq&quot;,&quot;optionId&quot;:&quot;1&quot;,&quot;value&quot;:&quot;J&#039;ai d\\u00e9j\\u00e0 un compte Privor&quot;}]},&quot;15&quot;:{&quot;action&quot;:false,&quot;match&quot;:&quot;all&quot;,&quot;rules&quot;:[{&quot;elementId&quot;:&quot;16&quot;,&quot;operator&quot;:&quot;eq&quot;,&quot;optionId&quot;:&quot;1&quot;,&quot;value&quot;:&quot;J&#039;ai d\\u00e9j\\u00e0 un compte Privor&quot;}]},&quot;24&quot;:{&quot;action&quot;:true,&quot;match&quot;:&quot;all&quot;,&quot;rules&quot;:[{&quot;elementId&quot;:&quot;16&quot;,&quot;operator&quot;:&quot;eq&quot;,&quot;optionId&quot;:&quot;1&quot;,&quot;value&quot;:&quot;J&#039;ai d\\u00e9j\\u00e0 un compte Privor&quot;}]},&quot;21&quot;:{&quot;action&quot;:true,&quot;match&quot;:&quot;all&quot;,&quot;rules&quot;:[{&quot;elementId&quot;:&quot;16&quot;,&quot;operator&quot;:&quot;eq&quot;,&quot;optionId&quot;:&quot;1&quot;,&quot;value&quot;:&quot;J&#039;ai d\\u00e9j\\u00e0 un compte Privor&quot;}]},&quot;28&quot;:{&quot;action&quot;:true,&quot;match&quot;:&quot;all&quot;,&quot;rules&quot;:[{&quot;elementId&quot;:&quot;16&quot;,&quot;operator&quot;:&quot;eq&quot;,&quot;optionId&quot;:&quot;1&quot;,&quot;value&quot;:&quot;J&#039;ai d\\u00e9j\\u00e0 un compte Privor&quot;}]}},&quot;dependents&quot;:{&quot;16&quot;:[17,20,19,18,23,15,24,21,28]},&quot;elementIds&quot;:[17,20,19,18,23,15,24,21,28],&quot;dependentElementIds&quot;:[&quot;16&quot;],&quot;animate&quot;:true},&quot;currentPageId&quot;:1,&quot;errorsIcon&quot;:&quot;&quot;,&quot;updateFancybox&quot;:true,&quot;hasPages&quot;:false,&quot;pages&quot;:[1],&quot;pageProgressType&quot;:&quot;numbers&quot;,&quot;tooltipsEnabled&quot;:true,&quot;tooltipClasses&quot;:&quot;qtip-quform-dark qtip-shadow&quot;,&quot;tooltipMy&quot;:&quot;left center&quot;,&quot;tooltipAt&quot;:&quot;right center&quot;,&quot;isRtl&quot;:false,&quot;scrollOffset&quot;:-50,&quot;scrollSpeed&quot;:800}\"><button class=\"quform-default-submit\" name=\"quform_submit\" type=\"submit\" value=\"submit\" aria-hidden=\"true\" tabindex=\"-1\"><\/button><div class=\"quform-form-inner quform-form-inner-2\"><input type=\"hidden\" name=\"quform_form_id\" value=\"2\" \/><input type=\"hidden\" name=\"quform_form_uid\" value=\"9cb08d\" \/><input type=\"hidden\" name=\"quform_count\" value=\"1\" \/><input type=\"hidden\" name=\"form_url\" value=\"https:\/\/privor.ch\/fr\/wp-json\/wp\/v2\/pages\/619\" \/><input type=\"hidden\" name=\"referring_url\" value=\"\" \/><input type=\"hidden\" name=\"post_id\" value=\"\" \/><input type=\"hidden\" name=\"post_title\" value=\"\" \/><input type=\"hidden\" name=\"quform_current_page_id\" value=\"1\" \/><input type=\"hidden\" name=\"quform_loaded\" value=\"1776463145|7311cf83a0919d38c997d1bb05e8a022\" \/><input type=\"hidden\" name=\"quform_csrf_token\" value=\"KdJpDAmRrYJKI0Xnhj50mVurg3pWYiSLkE1Y9xaA\" \/><div class=\"quform-elements quform-elements-2 quform-cf quform-responsive-elements-phone-landscape\"><div class=\"quform-element quform-element-page quform-page-1 quform-page-2_1 quform-cf quform-group-style-plain quform-first-page quform-last-page quform-current-page\"><div class=\"quform-child-elements\"><div class=\"quform-element quform-element-checkbox quform-element-2_16 quform-cf quform-element-optional\"><div class=\"quform-spacer\"><div class=\"quform-inner quform-inner-checkbox quform-inner-2_16\"><div class=\"quform-input quform-input-checkbox quform-input-2_16 quform-cf\"><div class=\"quform-options quform-cf quform-options-block quform-options-simple\"><div class=\"quform-option\"><input type=\"checkbox\" name=\"quform_2_16[]\" id=\"quform_2_16_9cb08d_1\" class=\"quform-field quform-field-checkbox quform-field-2_16 quform-field-2_16_1\" value=\"J&#039;ai d\u00e9j\u00e0 un compte Privor\" \/><label for=\"quform_2_16_9cb08d_1\" class=\"quform-option-label quform-option-label-2_16_1\"><span class=\"quform-option-text\">J&rsquo;ai d\u00e9j\u00e0 un compte Privor<\/span><\/label><\/div><\/div><\/div><\/div><\/div><\/div><div class=\"quform-element quform-element-html quform-element-2_17 quform-cf\"><div class=\"quform-spacer\">Nous traitons toute correspondance relative aux comptes existants exclusivement par \u00e9crit.<\/div><\/div><div class=\"quform-element quform-element-group quform-element-2_6 quform-cf quform-group-style-plain\"><div class=\"quform-spacer\"><div class=\"quform-child-elements\"><div class=\"quform-element quform-element-row quform-element-row-2_31 quform-2-columns quform-element-row-size-fixed quform-responsive-columns-phone-landscape\"><div class=\"quform-element quform-element-column quform-element-2_32\"><div class=\"quform-element quform-element-select quform-element-2_14 quform-cf quform-element-required\"><div class=\"quform-spacer\"><div class=\"quform-inner quform-inner-select quform-inner-2_14\"><div class=\"quform-input quform-input-select quform-input-2_14 quform-cf\"><select id=\"quform_2_14_9cb08d\" name=\"quform_2_14\" class=\"quform-field quform-field-select quform-field-2_14 quform-field-select-enhanced\" data-options=\"{&quot;rtl&quot;:false,&quot;search&quot;:false,&quot;noResultsFound&quot;:&quot;Aucun r\\u00e9sultat.&quot;}\" style=\"width: 100%;\"><option value=\"\" selected=\"selected\">Titre *<\/option><option value=\"Monsieur\">Monsieur<\/option><option value=\"Madame\">Madame<\/option><\/select><\/div><\/div><\/div><\/div><\/div><div class=\"quform-element quform-element-column quform-element-2_33\"><\/div><\/div><div class=\"quform-element quform-element-row quform-element-row-2_34 quform-2-columns quform-element-row-size-fixed quform-responsive-columns-phone-landscape\"><div class=\"quform-element quform-element-column quform-element-2_35\"><div class=\"quform-element quform-element-text quform-element-2_12 quform-cf quform-labels-inside quform-element-required\"><div class=\"quform-spacer\"><div class=\"quform-label quform-label-2_12\"><label class=\"quform-label-text\" for=\"quform_2_12_9cb08d\">Pr\u00e9nom<span class=\"quform-required\">*<\/span><\/label><\/div><div class=\"quform-inner quform-inner-text quform-inner-2_12\"><div class=\"quform-input quform-input-text quform-input-2_12 quform-cf\"><input type=\"text\" id=\"quform_2_12_9cb08d\" name=\"quform_2_12\" class=\"quform-field quform-field-text quform-field-2_12\" \/><\/div><\/div><\/div><\/div><\/div><div class=\"quform-element quform-element-column quform-element-2_36\"><div class=\"quform-element quform-element-text quform-element-2_13 quform-cf quform-labels-inside quform-element-required\"><div class=\"quform-spacer\"><div class=\"quform-label quform-label-2_13\"><label class=\"quform-label-text\" for=\"quform_2_13_9cb08d\">Nom<span class=\"quform-required\">*<\/span><\/label><\/div><div class=\"quform-inner quform-inner-text quform-inner-2_13\"><div class=\"quform-input quform-input-text quform-input-2_13 quform-cf\"><input type=\"text\" id=\"quform_2_13_9cb08d\" name=\"quform_2_13\" class=\"quform-field quform-field-text quform-field-2_13\" \/><\/div><\/div><\/div><\/div><\/div><\/div><div class=\"quform-element quform-element-text quform-element-2_20 quform-cf quform-labels-inside quform-element-required\"><div class=\"quform-spacer\"><div class=\"quform-label quform-label-2_20\"><label class=\"quform-label-text\" for=\"quform_2_20_9cb08d\">Rue<span class=\"quform-required\">*<\/span><\/label><\/div><div class=\"quform-inner quform-inner-text quform-inner-2_20\"><div class=\"quform-input quform-input-text quform-input-2_20 quform-cf\"><input type=\"text\" id=\"quform_2_20_9cb08d\" name=\"quform_2_20\" class=\"quform-field quform-field-text quform-field-2_20\" \/><\/div><\/div><\/div><\/div><div class=\"quform-element quform-element-row quform-element-row-2_40 quform-2-columns quform-element-row-size-fixed quform-responsive-columns-phone-landscape\"><div class=\"quform-element quform-element-column quform-element-2_41\"><div class=\"quform-element quform-element-text quform-element-2_19 quform-cf quform-labels-inside quform-element-required\"><div class=\"quform-spacer\"><div class=\"quform-label quform-label-2_19\"><label class=\"quform-label-text\" for=\"quform_2_19_9cb08d\">Code postal<span class=\"quform-required\">*<\/span><\/label><\/div><div class=\"quform-inner quform-inner-text quform-inner-2_19\"><div class=\"quform-input quform-input-text quform-input-2_19 quform-cf\"><input type=\"text\" id=\"quform_2_19_9cb08d\" name=\"quform_2_19\" class=\"quform-field quform-field-text quform-field-2_19\" \/><\/div><\/div><\/div><\/div><\/div><div class=\"quform-element quform-element-column quform-element-2_42\"><div class=\"quform-element quform-element-text quform-element-2_18 quform-cf quform-labels-inside quform-element-required\"><div class=\"quform-spacer\"><div class=\"quform-label quform-label-2_18\"><label class=\"quform-label-text\" for=\"quform_2_18_9cb08d\">Lieu<span class=\"quform-required\">*<\/span><\/label><\/div><div class=\"quform-inner quform-inner-text quform-inner-2_18\"><div class=\"quform-input quform-input-text quform-input-2_18 quform-cf\"><input type=\"text\" id=\"quform_2_18_9cb08d\" name=\"quform_2_18\" class=\"quform-field quform-field-text quform-field-2_18\" \/><\/div><\/div><\/div><\/div><\/div><\/div><div class=\"quform-element quform-element-row quform-element-row-2_37 quform-2-columns quform-element-row-size-fixed quform-responsive-columns-phone-landscape\"><div class=\"quform-element quform-element-column quform-element-2_38\"><div class=\"quform-element quform-element-date quform-element-2_23 quform-cf quform-labels-inside quform-element-required\"><div class=\"quform-spacer\"><div class=\"quform-label quform-label-2_23\"><label class=\"quform-label-text\" for=\"quform_2_23_9cb08d\">Date de naissance<span class=\"quform-required\">*<\/span><\/label><\/div><div class=\"quform-inner quform-inner-date quform-inner-2_23\"><div class=\"quform-input quform-input-date quform-input-2_23 quform-cf quform-has-field-icon-right\"><input type=\"text\" id=\"quform_2_23_9cb08d\" name=\"quform_2_23\" class=\"quform-field quform-field-date quform-field-2_23\" placeholder=\"YYYY-MM-DD\" data-options=\"{&quot;format&quot;:&quot;&quot;,&quot;min&quot;:&quot;1920-01-01&quot;,&quot;max&quot;:&quot;2003-01-01&quot;,&quot;start&quot;:&quot;decade&quot;,&quot;depth&quot;:&quot;month&quot;,&quot;showFooter&quot;:false,&quot;locale&quot;:&quot;de-CH&quot;,&quot;placeholder&quot;:&quot;&quot;,&quot;autoOpen&quot;:true,&quot;identifier&quot;:&quot;2_23&quot;}\" \/><span class=\"quform-field-icon quform-field-icon-right\"><i class=\"qicon-calendar\"><\/i><\/span><\/div><\/div><\/div><\/div><div class=\"quform-element quform-element-select quform-element-2_15 quform-cf quform-element-required\"><div class=\"quform-spacer\"><div class=\"quform-inner quform-inner-select quform-inner-2_15\"><div class=\"quform-input quform-input-select quform-input-2_15 quform-cf\"><select id=\"quform_2_15_9cb08d\" name=\"quform_2_15\" class=\"quform-field quform-field-select quform-field-2_15 quform-field-select-enhanced\" data-options=\"{&quot;rtl&quot;:false,&quot;search&quot;:false,&quot;noResultsFound&quot;:&quot;Aucun r\\u00e9sultat.&quot;}\" style=\"width: 100%;\"><option value=\"\" selected=\"selected\">Je suis int\u00e9ress\u00e9(e) par *<\/option><option value=\"Pr\u00e9voyance pilier 3a\">Pr\u00e9voyance pilier 3a<\/option><option value=\"Libre passage 2e pilier\">Libre passage 2e pilier<\/option><option value=\"Pr\u00e9voyance pilier 3a et libre passage 2e pilier\">Pr\u00e9voyance pilier 3a et libre passage 2e pilier<\/option><\/select><\/div><\/div><\/div><\/div><\/div><div class=\"quform-element quform-element-column quform-element-2_39\"><div class=\"quform-element quform-element-email quform-element-2_11 quform-cf quform-labels-inside quform-element-required\"><div class=\"quform-spacer\"><div class=\"quform-label quform-label-2_11\"><label class=\"quform-label-text\" for=\"quform_2_11_9cb08d\">E-Mail<span class=\"quform-required\">*<\/span><\/label><\/div><div class=\"quform-inner quform-inner-email quform-inner-2_11\"><div class=\"quform-input quform-input-email quform-input-2_11 quform-cf\"><input type=\"email\" id=\"quform_2_11_9cb08d\" name=\"quform_2_11\" class=\"quform-field quform-field-email quform-field-2_11\" \/><\/div><\/div><\/div><\/div><\/div><\/div><div class=\"quform-element quform-element-row quform-element-row-2_43 quform-2-columns quform-element-row-size-fixed quform-responsive-columns-phone-landscape\"><div class=\"quform-element quform-element-column quform-element-2_44\"><div class=\"quform-element quform-element-text quform-element-2_24 quform-cf quform-labels-inside quform-element-required\"><div class=\"quform-spacer\"><div class=\"quform-label quform-label-2_24\"><label class=\"quform-label-text\" for=\"quform_2_24_9cb08d\">Nom de la banque<span class=\"quform-required\">*<\/span><\/label><\/div><div class=\"quform-inner quform-inner-text quform-inner-2_24\"><div class=\"quform-input quform-input-text quform-input-2_24 quform-cf\"><input type=\"text\" id=\"quform_2_24_9cb08d\" name=\"quform_2_24\" class=\"quform-field quform-field-text quform-field-2_24\" \/><\/div><\/div><\/div><\/div><\/div><div class=\"quform-element quform-element-column quform-element-2_45\"><div class=\"quform-element quform-element-text quform-element-2_21 quform-cf quform-labels-inside quform-element-required\"><div class=\"quform-spacer\"><div class=\"quform-label quform-label-2_21\"><label class=\"quform-label-text\" for=\"quform_2_21_9cb08d\">Num\u00e9ro de compte<span class=\"quform-required\">*<\/span><\/label><\/div><div class=\"quform-inner quform-inner-text quform-inner-2_21\"><div class=\"quform-input quform-input-text quform-input-2_21 quform-cf\"><input type=\"text\" id=\"quform_2_21_9cb08d\" name=\"quform_2_21\" class=\"quform-field quform-field-text quform-field-2_21\" \/><\/div><\/div><\/div><\/div><\/div><\/div><\/div><\/div><\/div><div class=\"quform-element quform-element-textarea quform-element-2_851706 quform-sr-only quform-cf\" style=\"clip: rect(1px, 1px, 1px, 1px); clip-path: inset(50%); position: absolute !important; height: 1px; width: 1px; overflow: hidden;\"><div class=\"quform-spacer\"><div class=\"quform-label quform-label-2_851706\"><label class=\"quform-label-text\" for=\"quform_2_851706_9cb08d\">Company Name<span class=\"quform-required\">*<\/span><\/label><\/div><div class=\"quform-inner quform-inner-2_851706\"><textarea id=\"quform_2_851706_9cb08d\" name=\"quform_2_851706\" class=\"quform-field quform-field-textarea quform-field-2_851706\" tabindex=\"-1\" autocomplete=\"new-password\"><\/textarea><\/div><\/div><\/div><div class=\"quform-element quform-element-select quform-element-2_28 quform-cf quform-element-required\"><div class=\"quform-spacer\"><div class=\"quform-inner quform-inner-select quform-inner-2_28\"><div class=\"quform-input quform-input-select quform-input-2_28 quform-cf\"><select id=\"quform_2_28_9cb08d\" name=\"quform_2_28\" class=\"quform-field quform-field-select quform-field-2_28 quform-field-select-enhanced\" data-options=\"{&quot;rtl&quot;:false,&quot;search&quot;:false,&quot;noResultsFound&quot;:&quot;Aucun r\\u00e9sultat.&quot;}\" style=\"width: 100%;\"><option value=\"\" selected=\"selected\">Je suis int\u00e9ress\u00e9(e) par *<\/option><option value=\"Pr\u00e9voyance pilier 3a\">Pr\u00e9voyance pilier 3a<\/option><option value=\"Libre passage 2e pilier\">Libre passage 2e pilier<\/option><option value=\"Pr\u00e9voyance pilier 3a et libre passage 2e pilier\">Pr\u00e9voyance pilier 3a et libre passage 2e pilier<\/option><\/select><\/div><\/div><\/div><\/div><div class=\"quform-element quform-element-textarea quform-element-2_10 quform-cf quform-labels-inside quform-element-required\"><div class=\"quform-spacer\"><div class=\"quform-label quform-label-2_10\"><label class=\"quform-label-text\" for=\"quform_2_10_9cb08d\">Votre message pour nous<span class=\"quform-required\">*<\/span><\/label><\/div><div class=\"quform-inner quform-inner-textarea quform-inner-2_10\"><div class=\"quform-input quform-input-textarea quform-input-2_10 quform-cf\"><textarea id=\"quform_2_10_9cb08d\" name=\"quform_2_10\" class=\"quform-field quform-field-textarea quform-field-2_10\"><\/textarea><\/div><\/div><\/div><\/div><div class=\"quform-element quform-element-submit quform-element-2_2 quform-cf quform-button-style-theme\"><div class=\"quform-button-submit quform-button-submit-default quform-button-submit-2_2\"><button name=\"quform_submit\" type=\"submit\" class=\"quform-submit\" value=\"submit\"><span class=\"quform-button-text quform-button-submit-text\">Envoyer<\/span><\/button><\/div><div class=\"quform-loading quform-loading-position-left quform-loading-type-spinner-1\"><div class=\"quform-loading-inner\"><div class=\"quform-loading-spinner\"><div class=\"quform-loading-spinner-inner\"><\/div><\/div><\/div><\/div><\/div><\/div><\/div><\/div><\/div><\/form><\/div>\n\n\n<div class=\"wp-block-columns slide-in-up delay-1 is-layout-flex wp-container-core-columns-is-layout-9d6595d7 wp-block-columns-is-layout-flex\">\n<div class=\"wp-block-column is-layout-flow wp-block-column-is-layout-flow\">\n<p><strong>Privor Fondation 3<sup>e<\/sup>&nbsp;pilier<br><\/strong><a href=\"https:\/\/maps.app.goo.gl\/BnS92JCUUTp7oUjn8\" data-type=\"link\" data-id=\"https:\/\/maps.app.goo.gl\/BnS92JCUUTp7oUjn8\">Mattenstrasse 8<br>3073 G\u00fcmligen<\/a><\/p>\n\n\n\n<div style=\"height:0.75rem\" aria-hidden=\"true\" class=\"wp-block-spacer\"><\/div>\n\n\n\n<p><a href=\"tel:0316602020\" data-type=\"tel\" data-id=\"tel:0316602020\">T 031 660 20 20<\/a><br><a href=\"mailto:info@privor.ch\">info@privor.ch<\/a><\/p>\n<\/div>\n\n\n\n<div class=\"wp-block-column is-layout-flow wp-block-column-is-layout-flow\">\n<p><strong>Privor Fondation<br>de libre passage<br><\/strong><a href=\"https:\/\/maps.app.goo.gl\/3yMz7LDYqbWTaA2A6\" data-type=\"link\" data-id=\"https:\/\/maps.app.goo.gl\/3yMz7LDYqbWTaA2A6\">Mattenstrasse 8<br>3073 G\u00fcmligen<\/a><\/p>\n\n\n\n<div style=\"height:0.75rem\" aria-hidden=\"true\" class=\"wp-block-spacer\"><\/div>\n\n\n\n<p><a href=\"tel:0316602020\" data-type=\"tel\" data-id=\"tel:0316602020\">T 031 660 20 20<\/a><br><a href=\"mailto:info@privor.ch\">info@privor.ch<\/a><\/p>\n<\/div>\n<\/div>\n<\/div>\n<\/div>\n","protected":false},"excerpt":{"rendered":"<p>Vous voulez une pr\u00e9voyance r\u00e9fl\u00e9chie? Nous sommes l\u00e0 pour vous aider. Privor Fondation 3e&nbsp;pilierMattenstrasse 83073 G\u00fcmligen T 031 660 20 20info@privor.ch Privor Fondationde libre passageMattenstrasse 83073 G\u00fcmligen T 031 660 20 20info@privor.ch<\/p>\n","protected":false},"author":2,"featured_media":0,"parent":0,"menu_order":25,"comment_status":"closed","ping_status":"closed","template":"wp-custom-template-index-footer-white","meta":{"footnotes":""},"class_list":["post-619","page","type-page","status-publish","hentry"],"_links":{"self":[{"href":"https:\/\/privor.ch\/fr\/wp-json\/wp\/v2\/pages\/619","targetHints":{"allow":["GET"]}}],"collection":[{"href":"https:\/\/privor.ch\/fr\/wp-json\/wp\/v2\/pages"}],"about":[{"href":"https:\/\/privor.ch\/fr\/wp-json\/wp\/v2\/types\/page"}],"author":[{"embeddable":true,"href":"https:\/\/privor.ch\/fr\/wp-json\/wp\/v2\/users\/2"}],"replies":[{"embeddable":true,"href":"https:\/\/privor.ch\/fr\/wp-json\/wp\/v2\/comments?post=619"}],"version-history":[{"count":3,"href":"https:\/\/privor.ch\/fr\/wp-json\/wp\/v2\/pages\/619\/revisions"}],"predecessor-version":[{"id":796,"href":"https:\/\/privor.ch\/fr\/wp-json\/wp\/v2\/pages\/619\/revisions\/796"}],"wp:attachment":[{"href":"https:\/\/privor.ch\/fr\/wp-json\/wp\/v2\/media?parent=619"}],"curies":[{"name":"wp","href":"https:\/\/api.w.org\/{rel}","templated":true}]}}