{"id":605,"date":"2025-07-31T12:40:35","date_gmt":"2025-07-31T10:40:35","guid":{"rendered":"https:\/\/privor.agenturschmucki.ch\/?page_id=605"},"modified":"2025-11-30T10:06:41","modified_gmt":"2025-11-30T09:06:41","slug":"faq","status":"publish","type":"page","link":"https:\/\/privor.ch\/fr\/faq\/","title":{"rendered":"FAQ"},"content":{"rendered":"\n<section class=\"wp-block-group alignfull is-style-group-bg-grey header-3 is-layout-constrained wp-block-group-is-layout-constrained is-style-group-bg-grey--1\">\n<h1 class=\"wp-block-heading has-text-align-center\">FAQ<\/h1>\n<\/section>\n\n\n\n<section class=\"wp-block-group alignwide is-layout-constrained wp-block-group-is-layout-constrained\">\n<h3 class=\"wp-block-heading\">Pr\u00e9voyance li\u00e9e pilier 3a<\/h3>\n\n\n\n<div class=\"wp-block-group alignwide is-vertical is-content-justification-left is-layout-flex wp-container-core-group-is-layout-c0ca7d81 wp-block-group-is-layout-flex\">\n<details class=\"wp-block-details is-layout-flow wp-block-details-is-layout-flow\"><summary>Quelle est la diff\u00e9rence entre la pr\u00e9voyance li\u00e9e pilier 3a et la pr\u00e9voyance libre pilier 3b?<\/summary>\n<p>Le pilier 3a est soumis \u00e0 des exigences l\u00e9gales, mais b\u00e9n\u00e9ficie en contrepartie d\u2019avantages fiscaux. Le pilier 3b est quant \u00e0 lui plus flexible (il peut \u00eatre dissous \u00e0 tout moment), mais les avantages fiscaux sont limit\u00e9s. Les deux solutions de pr\u00e9voyance sont propos\u00e9es sous forme de produits bancaires et d\u2019assurances.<br><br>La dur\u00e9e du pilier 3b est choisie librement et accessible \u00e0 tout moment. La pr\u00e9voyance du pilier 3a a une dur\u00e9e d\u00e9termin\u00e9e; le versement anticip\u00e9 n\u2019est possible que sous certaines conditions (accession \u00e0 la propri\u00e9t\u00e9 du logement, activit\u00e9 ind\u00e9pendante, transfert \u00e0 la caisse de pension, d\u00e9part de la Suisse, versement d\u2019une rente AI compl\u00e8te).<\/p>\n<\/details>\n\n\n\n<details class=\"wp-block-details is-layout-flow wp-block-details-is-layout-flow\"><summary>\u00c0 partir de quel avoir devriez-vous ouvrir un compte d&rsquo;\u00e9pargne retraite suppl\u00e9mentaire afin d&rsquo;\u00e9conomiser des imp\u00f4ts sur les retraits?<\/summary>\n<p>Avec diff\u00e9rents comptes de pr\u00e9voyance d\u2019une valeur d\u2019environ CHF 50\u2019000.- vous \u00eates en bonne sant\u00e9 fiscale dans tous les cantons de Suisse.<\/p>\n<\/details>\n\n\n\n<details class=\"wp-block-details is-layout-flow wp-block-details-is-layout-flow\"><summary>Comment puis-je prendre des dispositions en tant qu&rsquo;ind\u00e9pendant?<\/summary>\n<p>En tant qu\u2019ind\u00e9pendant sans salari\u00e9s, vous pouvez adh\u00e9rer \u00e0 la caisse de pension de votre association professionnelle ou \u00e0 une caisse de pension via le syndicat. Si vous avez des employ\u00e9s, vous pouvez constituer une caisse de pension ou adh\u00e9rer \u00e0 une fondation collective.<br><br>En tant qu\u2019ind\u00e9pendant sans salari\u00e9s, vous pouvez verser jusqu\u2019\u00e0 20% de votre revenu net par an (au maximum CHF 36\u2019288.\u2013) sur votre compte de pr\u00e9voyance du pilier 3a. Pour ce faire, vous ne devez pas \u00eatre affili\u00e9 \u00e0 une caisse de pension.<\/p>\n<\/details>\n\n\n\n<details class=\"wp-block-details is-layout-flow wp-block-details-is-layout-flow\"><summary>Quel est le taux d\u2019int\u00e9r\u00eat?<\/summary>\n<p>Le taux d\u2019int\u00e9r\u00eat des solutions de pr\u00e9voyance Privor est propre \u00e0 nos banques partenaires.<\/p>\n<\/details>\n\n\n\n<details class=\"wp-block-details is-layout-flow wp-block-details-is-layout-flow\"><summary>Quelle est la diff\u00e9rence entre un compte de pr\u00e9voyance et une solution titres?<\/summary>\n<p>Comme la solution titres est soumise \u00e0 des fluctuations des cours, la possibilit\u00e9 de rendement est plus \u00e9lev\u00e9e mais aussi plus risqu\u00e9e.<\/p>\n<\/details>\n\n\n\n<details class=\"wp-block-details is-layout-flow wp-block-details-is-layout-flow\"><summary>Je souhaite effectuer un rachat, comment dois-je proc\u00e9der?<\/summary>\n<p>Un rachat n\u00e9cessite toujours une demande. Vous pouvez vous la procurer aupr\u00e8s de votre conseiller \u00e0 la client\u00e8le.<\/p>\n<\/details>\n\n\n\n<details class=\"wp-block-details is-layout-flow wp-block-details-is-layout-flow\"><summary>Comment savoir si je peux effectuer un rachat?<\/summary>\n<p>Les lacunes apparues en 2025 peuvent \u00eatre combl\u00e9es pour la premi\u00e8re fois. Vous devez avoir dispos\u00e9 d&rsquo;un revenu soumis \u00e0 l&rsquo;AVS tant l&rsquo;ann\u00e9e du rachat que l&rsquo;ann\u00e9e de la lacune. Vous devez en outre verser votre cotisation maximale personnelle au pilier 3a pour l&rsquo;ann\u00e9e en cours.<\/p>\n<\/details>\n\n\n\n<details class=\"wp-block-details is-layout-flow wp-block-details-is-layout-flow\"><summary>Quelle est la diff\u00e9rence entre l&rsquo;ann\u00e9e de rachat et l&rsquo;ann\u00e9e de cotisation dans le cadre d&rsquo;un rachat dans le pilier 3a?<\/summary>\n<p>L&rsquo;ann\u00e9e de cotisation correspond \u00e0 l&rsquo;ann\u00e9e pour laquelle vous souhaitez combler une lacune de cotisation. L&rsquo;ann\u00e9e de rachat correspond \u00e0 l&rsquo;ann\u00e9e au cours de laquelle le rachat est effectu\u00e9.<\/p>\n\n\n\n<p>Si vous souhaitez effectuer un rachat en 2026 pour combler une lacune apparue en 2025, l&rsquo;ann\u00e9e de cotisation est 2025 et l&rsquo;ann\u00e9e de rachat est 2026.<\/p>\n<\/details>\n\n\n\n<details class=\"wp-block-details is-layout-flow wp-block-details-is-layout-flow\"><summary>Puis-je combler une lacune r\u00e9sultant d&rsquo;un retrait (par exemple, aide \u00e0 l&rsquo;accession \u00e0 la propri\u00e9t\u00e9) par un rachat?<\/summary>\n<p>Non. Un rachat n&rsquo;est possible que pour les cotisations non vers\u00e9es.<\/p>\n<\/details>\n\n\n\n<details class=\"wp-block-details is-layout-flow wp-block-details-is-layout-flow\"><summary>Quand recevrai-je ma confirmation de rachat?<\/summary>\n<p>Le rachat figure sur la m\u00eame attestation fiscale que les cotisations ordinaires. Vous recevrez cette attestation avec le relev\u00e9 de compte en janvier de l&rsquo;ann\u00e9e suivante ou lors de la cl\u00f4ture du compte.<\/p>\n<\/details>\n\n\n\n<details class=\"wp-block-details is-layout-flow wp-block-details-is-layout-flow\"><summary>Apr\u00e8s un rachat, l&rsquo;ann\u00e9e pour laquelle le rachat a \u00e9t\u00e9 effectu\u00e9 est-elle r\u00e9\u00e9valu\u00e9e?<\/summary>\n<p>Non, le rachat est d\u00e9ductible du revenu imposable de l&rsquo;ann\u00e9e du rachat et n&rsquo;est pas r\u00e9troactif pour l&rsquo;ann\u00e9e de cotisation.<\/p>\n<\/details>\n\n\n\n<details class=\"wp-block-details is-layout-flow wp-block-details-is-layout-flow\"><summary>J&rsquo;ai d\u00e9j\u00e0 per\u00e7u des avoirs du pilier 3a. Puis-je encore effectuer un rachat?<\/summary>\n<p>D\u00e8s que vous avez per\u00e7u des prestations de vieillesse du pilier 3a, aucun rachat n&rsquo;est plus possible.<br>Les retraits EPL font exception \u00e0 cette r\u00e8gle.<\/p>\n\n\n\n<p><\/p>\n<\/details>\n\n\n\n<details class=\"wp-block-details is-layout-flow wp-block-details-is-layout-flow\"><summary>Combien puis-je verser annuellement sur mon compte de pr\u00e9voyance?<\/summary>\n<p>Au maximum CHF 7\u2019258.\u2013 pour les personnes actives affili\u00e9es \u00e0 une caisse de pension. Au maximum CHF 36\u2019288.\u2013 (ou 20% du revenu net soumis \u00e0 l\u2019AVS) pour les personnes ind\u00e9pendantes actives, sans affiliation \u00e0 une caisse de pension.<br><br>Les montants des cotisations sont fix\u00e9s par le Conseil f\u00e9d\u00e9ral. Ils sont, de mani\u00e8re g\u00e9n\u00e9rale, calcul\u00e9 \u00e0 partir de l\u2019AVS et r\u00e9vis\u00e9s tous les deux ans.<\/p>\n<\/details>\n\n\n\n<details class=\"wp-block-details is-layout-flow wp-block-details-is-layout-flow\"><summary>O\u00f9 puis-je ouvrir un compte pr\u00e9voyance ou une solution titres?<\/summary>\n<p>Vous pouvez ouvrir un compte de pr\u00e9voyance Privor aupr\u00e8s de toutes nos banques partenaires.<\/p>\n<\/details>\n\n\n\n<details class=\"wp-block-details is-layout-flow wp-block-details-is-layout-flow\"><summary>Quel est le co\u00fbt d\u2019un compte de pr\u00e9voyance li\u00e9e pilier 3a?<\/summary>\n<p>Le taux d\u2019int\u00e9r\u00eat est propre \u00e0 chaque banque partenaire. Les comptes de pr\u00e9voyance ainsi que les solutions titres sont soumis \u00e0 des frais bancaires individuels.<\/p>\n<\/details>\n\n\n\n<details class=\"wp-block-details is-layout-flow wp-block-details-is-layout-flow\"><summary>Quand puis-je retirer mon avoir de pr\u00e9voyance li\u00e9e pilier 3a?<\/summary>\n<p>Un retrait ordinaire de l\u2019avoir du pilier 3a est autoris\u00e9 au plus t\u00f4t cinq ans avant l\u2019\u00e2ge AVS et est obligatoire au plus tard \u00e0 la retraite.<\/p>\n\n\n\n<ul class=\"wp-block-list\">\n<li>Le versement anticip\u00e9 de l\u2019avoir du pilier 3a li\u00e9 est possible dans les cas suivants:<\/li>\n\n\n\n<li>Financement de l\u2019accession \u00e0 la propri\u00e9t\u00e9<\/li>\n\n\n\n<li>Rachat dans votre propre caisse de pension (pr\u00e9voyance professionnelle)<\/li>\n\n\n\n<li>D\u00e9marrage d\u2019une activit\u00e9 lucrative ind\u00e9pendante<\/li>\n\n\n\n<li>D\u00e9part d\u00e9finitif de la Suisse<\/li>\n\n\n\n<li>R\u00e9ception d\u2019une rente d\u2019invalidit\u00e9 enti\u00e8re<\/li>\n<\/ul>\n<\/details>\n\n\n\n<details class=\"wp-block-details is-layout-flow wp-block-details-is-layout-flow\"><summary>Que se passe-t-il en cas de d\u00e9c\u00e8s?<\/summary>\n<p>L\u2019avoir de libre passage est vers\u00e9 aux ayants-droit, conform\u00e9ment au r\u00e8glement. Selon le r\u00e8glement, une modification des ayants-droit est possible. Conseil: Il est conseill\u00e9, pour les familles recompos\u00e9es et les couples non mari\u00e9s, de r\u00e9gler cela avec la fondation de pr\u00e9voyance.<\/p>\n<\/details>\n\n\n\n<details class=\"wp-block-details is-layout-flow wp-block-details-is-layout-flow\"><summary>Quelles sont les banques derri\u00e8re Privor?<\/summary>\n<p>Derri\u00e8re les solutions de pr\u00e9voyance Privor, il existe de nombreuses banques partenaires dans toute la Suisse. Les banques ont des racines r\u00e9gionales et attachent une grande importance au conseil individuel et personnalis\u00e9.<\/p>\n<\/details>\n\n\n\n<details class=\"wp-block-details is-layout-flow wp-block-details-is-layout-flow\"><summary>Comment puis-je \u00e9conomiser des imp\u00f4ts?<\/summary>\n<p>Outre la d\u00e9duction des cotisations annuelles de la solution de pr\u00e9voyance, les plus-values (int\u00e9r\u00eats ou gains sur les solutions titres) sont \u00e9galement exon\u00e9r\u00e9es d\u2019imp\u00f4ts. D\u2019un point de vue fiscal, il est judicieux d\u2019ouvrir plusieurs comptes li\u00e9s du pilier 3a. Ceux-ci peuvent \u00eatre dissouts progressivement au cours des cinq ann\u00e9e pr\u00e9c\u00e9dant la retraite AVS. Ceci peut \u00eatre utilis\u00e9 pour optimiser l\u2019imp\u00f4t sur les prestations de capital. Dans la plupart des cantons, CHF 50\u2019000 sont impos\u00e9s au prorata \u00e0 un taux inf\u00e9rieur \u00e0 un retrait de CHF 150\u2019000.<\/p>\n<\/details>\n\n\n\n<details class=\"wp-block-details is-layout-flow wp-block-details-is-layout-flow\"><summary>\u00c0 partir de quel \u00e2ge peut-on investir dans une pr\u00e9voyance pilier 3a?<\/summary>\n<p>En Suisse, toute personne qui per\u00e7oit des revenus soumis \u00e0 l\u2019AVS peut, en principe, profiter d\u2019un pilier 3a. Il est \u00e9galement ouvert aux personnes percevant des indemnit\u00e9s journali\u00e8res de ch\u00f4mage. Le pilier 3a est facultatif.<\/p>\n<\/details>\n<\/div>\n<\/section>\n\n\n\n<section class=\"wp-block-group alignwide is-layout-constrained wp-block-group-is-layout-constrained\">\n<h3 class=\"wp-block-heading\">Libre passage 2<sup>e<\/sup>&nbsp;pilier<\/h3>\n\n\n\n<div class=\"wp-block-group alignwide is-vertical is-content-justification-left is-layout-flex wp-container-core-group-is-layout-c0ca7d81 wp-block-group-is-layout-flex\">\n<details class=\"wp-block-details is-layout-flow wp-block-details-is-layout-flow\"><summary>\u00c0 partir de quand ai-je besoin d&rsquo;un compte de libre passage?<\/summary>\n<p>Si vous ne commencez pas un nouvel emploi imm\u00e9diatement apr\u00e8s avoir quitt\u00e9 l\u2019entreprise, vous devez verser votre avoir de pr\u00e9voyance sur un compte de libre passage. Ceci s\u2019applique, par exemple, en cas de:<\/p>\n\n\n\n<ul class=\"wp-block-list\">\n<li>Ch\u00f4mage<\/li>\n\n\n\n<li>Cong\u00e9 sabatique<\/li>\n\n\n\n<li>Cong\u00e9 parental<\/li>\n\n\n\n<li>S\u00e9jour \u00e0 l\u2019\u00e9tranger<\/li>\n\n\n\n<li>Formation continue<br><\/li>\n<\/ul>\n<\/details>\n\n\n\n<details class=\"wp-block-details is-layout-flow wp-block-details-is-layout-flow\"><summary>Quels sont les co\u00fbts d\u2019un compte de libre passage?<\/summary>\n<p>Quels sont les co\u00fbts d\u2019un compte de libre passage?<\/p>\n<\/details>\n\n\n\n<details class=\"wp-block-details is-layout-flow wp-block-details-is-layout-flow\"><summary>Quel est la diff\u00e9rence entre le compte \u00e9pargne et la solution titre?<\/summary>\n<p>La solution titres est soumise \u00e0 des fluctuations de cours. La possibilit\u00e9 de rendement est donc plus \u00e9lev\u00e9e mais aussi plus risqu\u00e9e.<\/p>\n<\/details>\n\n\n\n<details class=\"wp-block-details is-layout-flow wp-block-details-is-layout-flow\"><summary>O\u00f9 puis-je ouvrir un compte de libre passage ou une solution titres?<\/summary>\n<p>Puisqu\u2019aucune cotisation d\u2019\u00e9pargne priv\u00e9e ne peut \u00eatre vers\u00e9e, la prestation de libre passage ne peut \u00eatre faite que par une caisse de pension ou une autre fondation de libre passage. Le compte n\u2019est ouvert qu\u2019apr\u00e8s r\u00e9ception de la prestation de libre passage. Nos banques partenaires Privor vous conseilleront volontiers et vous indiqueront les coordonn\u00e9es bancaires pour le versement.<\/p>\n<\/details>\n\n\n\n<details class=\"wp-block-details is-layout-flow wp-block-details-is-layout-flow\"><summary>Quand puis-je retirer le solde de mon compte de libre passage?<\/summary>\n<p>L\u2019avoir que vous avez \u00e9pargn\u00e9 est bloqu\u00e9 jusqu\u2019\u00e0 ce que vous preniez votre retraite. Un versement anticip\u00e9 est possible en cas de:<\/p>\n\n\n\n<ul class=\"wp-block-list\">\n<li>d\u00e9marrage d\u2019une activit\u00e9 lucrative ind\u00e9pendante<\/li>\n\n\n\n<li>d\u00e9part d\u00e9finitif de la Suisse<\/li>\n\n\n\n<li>invalidit\u00e9<\/li>\n\n\n\n<li>accession \u00e0 la propri\u00e9t\u00e9 du logement<\/li>\n\n\n\n<li>prestation de libre passage inf\u00e9rieure \u00e0 la cotisation annuelle du salari\u00e9<\/li>\n<\/ul>\n\n\n\n<p>Autrement, il faut attendre au plus t\u00f4t cinq ans avant l\u2019\u00e2ge de la retraite AVS pour pouvoir percevoir le solde (femmes \u00e0 59 ans, hommes \u00e0 60 ans).<\/p>\n<\/details>\n<\/div>\n<\/section>\n","protected":false},"excerpt":{"rendered":"<p>Pr\u00e9voyance li\u00e9e pilier 3a Libre passage 2e&nbsp;pilier<\/p>\n","protected":false},"author":2,"featured_media":0,"parent":0,"menu_order":23,"comment_status":"closed","ping_status":"closed","template":"","meta":{"footnotes":""},"class_list":["post-605","page","type-page","status-publish","hentry"],"_links":{"self":[{"href":"https:\/\/privor.ch\/fr\/wp-json\/wp\/v2\/pages\/605","targetHints":{"allow":["GET"]}}],"collection":[{"href":"https:\/\/privor.ch\/fr\/wp-json\/wp\/v2\/pages"}],"about":[{"href":"https:\/\/privor.ch\/fr\/wp-json\/wp\/v2\/types\/page"}],"author":[{"embeddable":true,"href":"https:\/\/privor.ch\/fr\/wp-json\/wp\/v2\/users\/2"}],"replies":[{"embeddable":true,"href":"https:\/\/privor.ch\/fr\/wp-json\/wp\/v2\/comments?post=605"}],"version-history":[{"count":6,"href":"https:\/\/privor.ch\/fr\/wp-json\/wp\/v2\/pages\/605\/revisions"}],"predecessor-version":[{"id":1092,"href":"https:\/\/privor.ch\/fr\/wp-json\/wp\/v2\/pages\/605\/revisions\/1092"}],"wp:attachment":[{"href":"https:\/\/privor.ch\/fr\/wp-json\/wp\/v2\/media?parent=605"}],"curies":[{"name":"wp","href":"https:\/\/api.w.org\/{rel}","templated":true}]}}